{"id":3775,"date":"2023-02-07T17:27:19","date_gmt":"2023-02-07T22:27:19","guid":{"rendered":"https:\/\/itp.edu.co\/ITP2022\/?page_id=3775"},"modified":"2026-03-16T10:24:03","modified_gmt":"2026-03-16T15:24:03","slug":"contactos","status":"publish","type":"page","link":"https:\/\/itp.edu.co\/ITP2022\/?page_id=3775","title":{"rendered":"Cont\u00e1ctos"},"content":{"rendered":"\t\t<div data-elementor-type=\"wp-page\" data-elementor-id=\"3775\" class=\"elementor elementor-3775\">\n\t\t\t\t<div class=\"elementor-element elementor-element-5dcfcec e-flex e-con-boxed wpr-particle-no wpr-jarallax-no wpr-parallax-no wpr-sticky-section-no wpr-equal-height-no e-con e-parent\" data-id=\"5dcfcec\" data-element_type=\"container\" data-e-type=\"container\">\n\t\t\t\t\t<div class=\"e-con-inner\">\n\t\t<div class=\"elementor-element elementor-element-0e21bb8 e-con-full e-flex wpr-particle-no wpr-jarallax-no wpr-parallax-no wpr-sticky-section-no wpr-equal-height-no e-con e-child\" data-id=\"0e21bb8\" data-element_type=\"container\" data-e-type=\"container\">\n\t\t\t\t<div class=\"elementor-element elementor-element-2505b1d elementor-widget elementor-widget-image\" data-id=\"2505b1d\" data-element_type=\"widget\" data-e-type=\"widget\" data-widget_type=\"image.default\">\n\t\t\t\t<div class=\"elementor-widget-container\">\n\t\t\t\t\t\t\t\t\t\t\t\t\t\t\t<img loading=\"lazy\" decoding=\"async\" width=\"1024\" height=\"330\" src=\"https:\/\/i0.wp.com\/itp.edu.co\/ITP2022\/wp-content\/uploads\/2025\/11\/Logo-azul-PNG-01-scaled.webp?fit=1024%2C330&amp;ssl=1\" class=\"attachment-large size-large wp-image-15133\" alt=\"\" srcset=\"https:\/\/i0.wp.com\/itp.edu.co\/ITP2022\/wp-content\/uploads\/2025\/11\/Logo-azul-PNG-01-scaled.webp?w=1920&amp;ssl=1 1920w, https:\/\/i0.wp.com\/itp.edu.co\/ITP2022\/wp-content\/uploads\/2025\/11\/Logo-azul-PNG-01-scaled.webp?resize=300%2C97&amp;ssl=1 300w, https:\/\/i0.wp.com\/itp.edu.co\/ITP2022\/wp-content\/uploads\/2025\/11\/Logo-azul-PNG-01-scaled.webp?resize=1024%2C330&amp;ssl=1 1024w, https:\/\/i0.wp.com\/itp.edu.co\/ITP2022\/wp-content\/uploads\/2025\/11\/Logo-azul-PNG-01-scaled.webp?resize=768%2C248&amp;ssl=1 768w, https:\/\/i0.wp.com\/itp.edu.co\/ITP2022\/wp-content\/uploads\/2025\/11\/Logo-azul-PNG-01-scaled.webp?resize=1536%2C496&amp;ssl=1 1536w\" sizes=\"auto, (max-width: 1024px) 100vw, 1024px\" \/>\t\t\t\t\t\t\t\t\t\t\t\t\t\t\t<\/div>\n\t\t\t\t<\/div>\n\t\t\t\t<\/div>\n\t\t<div class=\"elementor-element elementor-element-b3891d2 e-con-full e-flex wpr-particle-no wpr-jarallax-no wpr-parallax-no wpr-sticky-section-no wpr-equal-height-no e-con e-child\" data-id=\"b3891d2\" data-element_type=\"container\" data-e-type=\"container\">\n\t\t\t\t<div class=\"elementor-element elementor-element-1c696d4 elementor-widget elementor-widget-heading\" data-id=\"1c696d4\" data-element_type=\"widget\" data-e-type=\"widget\" data-widget_type=\"heading.default\">\n\t\t\t\t<div class=\"elementor-widget-container\">\n\t\t\t\t\t<h2 class=\"elementor-heading-title elementor-size-default\">Instituci\u00f3n Universitaria del Putumayo\n<p>\nContacto y ubicaci\u00f3n<\/p><\/h2>\t\t\t\t<\/div>\n\t\t\t\t<\/div>\n\t\t\t\t<\/div>\n\t\t\t\t\t<\/div>\n\t\t\t\t<\/div>\n\t\t<div class=\"elementor-element elementor-element-9cb3a12 e-flex e-con-boxed wpr-particle-no wpr-jarallax-no wpr-parallax-no wpr-sticky-section-no wpr-equal-height-no e-con e-parent\" data-id=\"9cb3a12\" data-element_type=\"container\" data-e-type=\"container\">\n\t\t\t\t\t<div class=\"e-con-inner\">\n\t\t<div class=\"elementor-element elementor-element-9ab5562 e-flex e-con-boxed wpr-particle-no wpr-jarallax-no wpr-parallax-no wpr-sticky-section-no wpr-equal-height-no e-con e-child\" data-id=\"9ab5562\" data-element_type=\"container\" data-e-type=\"container\">\n\t\t\t\t\t<div class=\"e-con-inner\">\n\t\t\t\t<div class=\"elementor-element elementor-element-242d2273 elementor-widget elementor-widget-text-editor\" data-id=\"242d2273\" data-element_type=\"widget\" data-e-type=\"widget\" data-widget_type=\"text-editor.default\">\n\t\t\t\t<div class=\"elementor-widget-container\">\n\t\t\t\t\t\t\t\t\t<h2>Atenci\u00f3n y servicio al ciudadano<\/h2><p><strong>Instituto Tecnol\u00f3gico del Putumayo. NIT. 800.247.940-1<\/strong><\/p><h4>Ubicaci\u00f3n: Atenci\u00f3n al usuario &#8211; sede principal Barrio Luis Carlos Gal\u00e1n<\/h4><h4>L\u00ednea de Atenci\u00f3n: 3138052807<\/h4><h4>Correo Institucional: <a style=\"color: #000000;\" href=\"mailto:atencionalusuario@itp.edu.co\">atencionalusuario@itp.edu.co<\/a><\/h4><h4>Atenci\u00f3n al P\u00fablico: Lunes a Viernes de 8 a.m. a 12 m. y de 2 p.m. a 6 p.m. Biblioteca y Salas de computo: Lunes a Viernes de 7 a.m. a 10 p.m<\/h4><p><strong>\u00a0<\/strong><\/p><h3>Sede Principal Mocoa<\/h3><p><em>Sede Principal Mocoa<\/em><br \/><em> 313 805 2807<\/em><br \/><em> Centro de Investigaciones<\/em><br \/><em> 317 513 6458<\/em><br \/><em>Registro y Control Acad\u00e9mico<\/em><br \/><em> 315 582 3981<\/em><br \/><em> Docentes<\/em><br \/><em> 315 581 4601<\/em><\/p><h3>Subsede Sibundoy<\/h3><p>Calle 3 Cra 8-9 Barrio el Centro Antigua Escuela Nazareth, Colon Putumayo.<br \/>Atenci\u00f3n al P\u00fablico:<br \/>3102434689\u00a0<\/p><h3>Extensi\u00f3n Puerto As\u00eds<\/h3><p>Instituci\u00f3n Educativa Alvernia, Puerto As\u00eds<br \/>Atenci\u00f3n al P\u00fablico: <br \/>3222209148<\/p><h3>Extensi\u00f3n Valle del Guamuez<\/h3><p>Cra 6 N\u00b0 4-68 Barrio la Parker, Instituci\u00f3n Educativa Valle del Guamuez.<br \/>Atenci\u00f3n al P\u00fablico:<br \/>3165786821- 3103284620<\/p><p><a role=\"button\" href=\"https:\/\/itp.edu.co\/ITP2022\/?page_id=6707\"><br \/>Atenci\u00f3n y servicios a la ciudadan\u00eda Informes de PQRSD<br \/><\/a><\/p><h5><a style=\"color: #000000;\" href=\"https:\/\/itp.edu.co\/web2016\/phocadownload\/Transparencia\/AtencionCiudadano\/P-CYM-002_Tramite_PQRSD (1).pdf\" data-wplink-url-error=\"true\">Procedimiento: Tr\u00e1mite PQRSD.<\/a><\/h5><h5><a style=\"color: #000000;\" href=\"https:\/\/forms.gle\/3fEQ7EhczySYK6HV9\" target=\"_blank\" rel=\"noopener\">Formulario de PQRSD<\/a><\/h5><h5 style=\"text-align: left;\"><strong>Notificaciones judiciales:<\/strong> La siguiente cuenta de correo electr\u00f3nico se encuentra habilitada de manera exclusiva para la recepci\u00f3n de notificaciones judiciales al Instituto Tecnol\u00f3gico del Putumayo en los t\u00e9rminos previstos en los art\u00edculos 197, 199 y 205 de la Ley 1437 de 2011 y el art\u00edculo 612 de la Ley 1564 de 2012. <strong>notificacionesjudiciales@itp.edu.co<\/strong><\/h5><p><iframe title=\"instituto tecnologico del putumayo\" src=\"https:\/\/maps.google.com\/maps?q=instituto%20%20tecnologico%20del%20putumayo&amp;t=m&amp;z=13&amp;output=embed&amp;iwloc=near\" aria-label=\"instituto tecnologico del putumayo\"><\/iframe><\/p>\t\t\t\t\t\t\t\t<\/div>\n\t\t\t\t<\/div>\n\t\t\t\t\t<\/div>\n\t\t\t\t<\/div>\n\t\t\t\t\t<\/div>\n\t\t\t\t<\/div>\n\t\t\t\t<\/div>\n\t\t","protected":false},"excerpt":{"rendered":"<p>Instituci\u00f3n Universitaria del Putumayo Contacto y ubicaci\u00f3n Atenci\u00f3n y servicio al ciudadano Instituto Tecnol\u00f3gico del Putumayo. NIT. 800.247.940-1 Ubicaci\u00f3n: Atenci\u00f3n al usuario &#8211; sede principal Barrio Luis Carlos Gal\u00e1n L\u00ednea de Atenci\u00f3n: 3138052807 Correo Institucional: atencionalusuario@itp.edu.co Atenci\u00f3n al P\u00fablico: Lunes a Viernes de 8 a.m. a 12 m. y de 2 p.m. a 6 p.m. Biblioteca y Salas de computo: Lunes a Viernes de 7 a.m. a 10 p.m \u00a0 Sede Principal Mocoa Sede Principal Mocoa 313 805 2807 Centro de Investigaciones 317 513 6458Registro y Control Acad\u00e9mico 315 582 3981 Docentes 315 581 4601 Subsede Sibundoy Calle 3 Cra 8-9 Barrio el Centro Antigua Escuela Nazareth, Colon Putumayo.Atenci\u00f3n al P\u00fablico:3102434689\u00a0 Extensi\u00f3n Puerto As\u00eds Instituci\u00f3n Educativa Alvernia, Puerto As\u00edsAtenci\u00f3n al P\u00fablico: 3222209148 Extensi\u00f3n Valle del Guamuez Cra 6 N\u00b0 4-68 Barrio la Parker, Instituci\u00f3n Educativa Valle del Guamuez.Atenci\u00f3n al P\u00fablico:3165786821- 3103284620 Atenci\u00f3n y servicios a la ciudadan\u00eda Informes de PQRSD Procedimiento: Tr\u00e1mite PQRSD. Formulario de PQRSD Notificaciones judiciales: La siguiente cuenta de correo electr\u00f3nico se encuentra habilitada de manera exclusiva para la recepci\u00f3n de notificaciones judiciales al Instituto Tecnol\u00f3gico del Putumayo en los t\u00e9rminos previstos en los art\u00edculos 197, 199 y 205 de la Ley 1437 de 2011 y el art\u00edculo 612 de la Ley 1564 de 2012. notificacionesjudiciales@itp.edu.co<\/p>\n","protected":false},"author":1,"featured_media":0,"parent":0,"menu_order":0,"comment_status":"closed","ping_status":"closed","template":"","meta":{"_uag_custom_page_level_css":"","neve_meta_sidebar":"","neve_meta_container":"","neve_meta_enable_content_width":"","neve_meta_content_width":0,"neve_meta_title_alignment":"","neve_meta_author_avatar":"","neve_post_elements_order":"","neve_meta_disable_header":"","neve_meta_disable_footer":"","neve_meta_disable_title":"","footnotes":""},"class_list":["post-3775","page","type-page","status-publish","hentry"],"yoast_head":"<!-- This site is optimized with the Yoast SEO plugin v27.5 - https:\/\/yoast.com\/product\/yoast-seo-wordpress\/ -->\n<title>Cont\u00e1ctos - UNIPUTUMAYO<\/title>\n<meta name=\"robots\" content=\"index, follow, max-snippet:-1, max-image-preview:large, max-video-preview:-1\" \/>\n<link rel=\"canonical\" href=\"https:\/\/itp.edu.co\/ITP2022\/?page_id=3775\" \/>\n<meta property=\"og:locale\" content=\"es_ES\" \/>\n<meta property=\"og:type\" content=\"article\" \/>\n<meta property=\"og:title\" content=\"Cont\u00e1ctos - UNIPUTUMAYO\" \/>\n<meta property=\"og:description\" content=\"Instituci\u00f3n Universitaria del Putumayo Contacto y ubicaci\u00f3n Atenci\u00f3n y servicio al ciudadano Instituto Tecnol\u00f3gico del Putumayo. NIT. 800.247.940-1 Ubicaci\u00f3n: Atenci\u00f3n al usuario &#8211; sede principal Barrio Luis Carlos Gal\u00e1n L\u00ednea de Atenci\u00f3n: 3138052807 Correo Institucional: atencionalusuario@itp.edu.co Atenci\u00f3n al P\u00fablico: Lunes a Viernes de 8 a.m. a 12 m. y de 2 p.m. a 6 p.m. Biblioteca y Salas de computo: Lunes a Viernes de 7 a.m. a 10 p.m \u00a0 Sede Principal Mocoa Sede Principal Mocoa 313 805 2807 Centro de Investigaciones 317 513 6458Registro y Control Acad\u00e9mico 315 582 3981 Docentes 315 581 4601 Subsede Sibundoy Calle 3 Cra 8-9 Barrio el Centro Antigua Escuela Nazareth, Colon Putumayo.Atenci\u00f3n al P\u00fablico:3102434689\u00a0 Extensi\u00f3n Puerto As\u00eds Instituci\u00f3n Educativa Alvernia, Puerto As\u00edsAtenci\u00f3n al P\u00fablico: 3222209148 Extensi\u00f3n Valle del Guamuez Cra 6 N\u00b0 4-68 Barrio la Parker, Instituci\u00f3n Educativa Valle del Guamuez.Atenci\u00f3n al P\u00fablico:3165786821- 3103284620 Atenci\u00f3n y servicios a la ciudadan\u00eda Informes de PQRSD Procedimiento: Tr\u00e1mite PQRSD. Formulario de PQRSD Notificaciones judiciales: La siguiente cuenta de correo electr\u00f3nico se encuentra habilitada de manera exclusiva para la recepci\u00f3n de notificaciones judiciales al Instituto Tecnol\u00f3gico del Putumayo en los t\u00e9rminos previstos en los art\u00edculos 197, 199 y 205 de la Ley 1437 de 2011 y el art\u00edculo 612 de la Ley 1564 de 2012. notificacionesjudiciales@itp.edu.co\" \/>\n<meta property=\"og:url\" content=\"https:\/\/itp.edu.co\/ITP2022\/?page_id=3775\" \/>\n<meta property=\"og:site_name\" content=\"UNIPUTUMAYO\" \/>\n<meta property=\"article:publisher\" content=\"https:\/\/www.facebook.com\/OficialITP\/?locale=es_LA\" \/>\n<meta property=\"article:modified_time\" content=\"2026-03-16T15:24:03+00:00\" \/>\n<meta property=\"og:image\" content=\"https:\/\/itp.edu.co\/ITP2022\/wp-content\/uploads\/2025\/11\/Logo-azul-PNG-01-1024x330.webp\" \/>\n<meta name=\"twitter:card\" content=\"summary_large_image\" \/>\n<meta name=\"twitter:site\" content=\"@ITPOficial\" \/>\n<meta name=\"twitter:label1\" content=\"Tiempo de lectura\" \/>\n\t<meta name=\"twitter:data1\" content=\"1 minuto\" \/>\n<script type=\"application\/ld+json\" class=\"yoast-schema-graph\">{\"@context\":\"https:\\\/\\\/schema.org\",\"@graph\":[{\"@type\":\"WebPage\",\"@id\":\"https:\\\/\\\/itp.edu.co\\\/ITP2022\\\/?page_id=3775\",\"url\":\"https:\\\/\\\/itp.edu.co\\\/ITP2022\\\/?page_id=3775\",\"name\":\"Cont\u00e1ctos - UNIPUTUMAYO\",\"isPartOf\":{\"@id\":\"https:\\\/\\\/itp.edu.co\\\/ITP2022\\\/#website\"},\"primaryImageOfPage\":{\"@id\":\"https:\\\/\\\/itp.edu.co\\\/ITP2022\\\/?page_id=3775#primaryimage\"},\"image\":{\"@id\":\"https:\\\/\\\/itp.edu.co\\\/ITP2022\\\/?page_id=3775#primaryimage\"},\"thumbnailUrl\":\"https:\\\/\\\/itp.edu.co\\\/ITP2022\\\/wp-content\\\/uploads\\\/2025\\\/11\\\/Logo-azul-PNG-01-1024x330.webp\",\"datePublished\":\"2023-02-07T22:27:19+00:00\",\"dateModified\":\"2026-03-16T15:24:03+00:00\",\"breadcrumb\":{\"@id\":\"https:\\\/\\\/itp.edu.co\\\/ITP2022\\\/?page_id=3775#breadcrumb\"},\"inLanguage\":\"es-CO\",\"potentialAction\":[{\"@type\":\"ReadAction\",\"target\":[\"https:\\\/\\\/itp.edu.co\\\/ITP2022\\\/?page_id=3775\"]}]},{\"@type\":\"ImageObject\",\"inLanguage\":\"es-CO\",\"@id\":\"https:\\\/\\\/itp.edu.co\\\/ITP2022\\\/?page_id=3775#primaryimage\",\"url\":\"https:\\\/\\\/itp.edu.co\\\/ITP2022\\\/wp-content\\\/uploads\\\/2025\\\/11\\\/Logo-azul-PNG-01-1024x330.webp\",\"contentUrl\":\"https:\\\/\\\/itp.edu.co\\\/ITP2022\\\/wp-content\\\/uploads\\\/2025\\\/11\\\/Logo-azul-PNG-01-1024x330.webp\"},{\"@type\":\"BreadcrumbList\",\"@id\":\"https:\\\/\\\/itp.edu.co\\\/ITP2022\\\/?page_id=3775#breadcrumb\",\"itemListElement\":[{\"@type\":\"ListItem\",\"position\":1,\"name\":\"Inicio\",\"item\":\"https:\\\/\\\/itp.edu.co\\\/ITP2022\\\/\"},{\"@type\":\"ListItem\",\"position\":2,\"name\":\"Cont\u00e1ctos\"}]},{\"@type\":\"WebSite\",\"@id\":\"https:\\\/\\\/itp.edu.co\\\/ITP2022\\\/#website\",\"url\":\"https:\\\/\\\/itp.edu.co\\\/ITP2022\\\/\",\"name\":\"UNIPUTUMAYO\",\"description\":\"\",\"publisher\":{\"@id\":\"https:\\\/\\\/itp.edu.co\\\/ITP2022\\\/#organization\"},\"potentialAction\":[{\"@type\":\"SearchAction\",\"target\":{\"@type\":\"EntryPoint\",\"urlTemplate\":\"https:\\\/\\\/itp.edu.co\\\/ITP2022\\\/?s={search_term_string}\"},\"query-input\":{\"@type\":\"PropertyValueSpecification\",\"valueRequired\":true,\"valueName\":\"search_term_string\"}}],\"inLanguage\":\"es-CO\"},{\"@type\":\"Organization\",\"@id\":\"https:\\\/\\\/itp.edu.co\\\/ITP2022\\\/#organization\",\"name\":\"UNIPUTUMAYO\",\"url\":\"https:\\\/\\\/itp.edu.co\\\/ITP2022\\\/\",\"logo\":{\"@type\":\"ImageObject\",\"inLanguage\":\"es-CO\",\"@id\":\"https:\\\/\\\/itp.edu.co\\\/ITP2022\\\/#\\\/schema\\\/logo\\\/image\\\/\",\"url\":\"https:\\\/\\\/i0.wp.com\\\/itp.edu.co\\\/ITP2022\\\/wp-content\\\/uploads\\\/2025\\\/11\\\/Logo-azul-PNG-01-scaled.webp?fit=1920%2C620&ssl=1\",\"contentUrl\":\"https:\\\/\\\/i0.wp.com\\\/itp.edu.co\\\/ITP2022\\\/wp-content\\\/uploads\\\/2025\\\/11\\\/Logo-azul-PNG-01-scaled.webp?fit=1920%2C620&ssl=1\",\"width\":1920,\"height\":620,\"caption\":\"UNIPUTUMAYO\"},\"image\":{\"@id\":\"https:\\\/\\\/itp.edu.co\\\/ITP2022\\\/#\\\/schema\\\/logo\\\/image\\\/\"},\"sameAs\":[\"https:\\\/\\\/www.facebook.com\\\/OficialITP\\\/?locale=es_LA\",\"https:\\\/\\\/x.com\\\/ITPOficial\"]}]}<\/script>\n<!-- \/ Yoast SEO plugin. -->","yoast_head_json":{"title":"Cont\u00e1ctos - UNIPUTUMAYO","robots":{"index":"index","follow":"follow","max-snippet":"max-snippet:-1","max-image-preview":"max-image-preview:large","max-video-preview":"max-video-preview:-1"},"canonical":"https:\/\/itp.edu.co\/ITP2022\/?page_id=3775","og_locale":"es_ES","og_type":"article","og_title":"Cont\u00e1ctos - UNIPUTUMAYO","og_description":"Instituci\u00f3n Universitaria del Putumayo Contacto y ubicaci\u00f3n Atenci\u00f3n y servicio al ciudadano Instituto Tecnol\u00f3gico del Putumayo. NIT. 800.247.940-1 Ubicaci\u00f3n: Atenci\u00f3n al usuario &#8211; sede principal Barrio Luis Carlos Gal\u00e1n L\u00ednea de Atenci\u00f3n: 3138052807 Correo Institucional: atencionalusuario@itp.edu.co Atenci\u00f3n al P\u00fablico: Lunes a Viernes de 8 a.m. a 12 m. y de 2 p.m. a 6 p.m. Biblioteca y Salas de computo: Lunes a Viernes de 7 a.m. a 10 p.m \u00a0 Sede Principal Mocoa Sede Principal Mocoa 313 805 2807 Centro de Investigaciones 317 513 6458Registro y Control Acad\u00e9mico 315 582 3981 Docentes 315 581 4601 Subsede Sibundoy Calle 3 Cra 8-9 Barrio el Centro Antigua Escuela Nazareth, Colon Putumayo.Atenci\u00f3n al P\u00fablico:3102434689\u00a0 Extensi\u00f3n Puerto As\u00eds Instituci\u00f3n Educativa Alvernia, Puerto As\u00edsAtenci\u00f3n al P\u00fablico: 3222209148 Extensi\u00f3n Valle del Guamuez Cra 6 N\u00b0 4-68 Barrio la Parker, Instituci\u00f3n Educativa Valle del Guamuez.Atenci\u00f3n al P\u00fablico:3165786821- 3103284620 Atenci\u00f3n y servicios a la ciudadan\u00eda Informes de PQRSD Procedimiento: Tr\u00e1mite PQRSD. Formulario de PQRSD Notificaciones judiciales: La siguiente cuenta de correo electr\u00f3nico se encuentra habilitada de manera exclusiva para la recepci\u00f3n de notificaciones judiciales al Instituto Tecnol\u00f3gico del Putumayo en los t\u00e9rminos previstos en los art\u00edculos 197, 199 y 205 de la Ley 1437 de 2011 y el art\u00edculo 612 de la Ley 1564 de 2012. notificacionesjudiciales@itp.edu.co","og_url":"https:\/\/itp.edu.co\/ITP2022\/?page_id=3775","og_site_name":"UNIPUTUMAYO","article_publisher":"https:\/\/www.facebook.com\/OficialITP\/?locale=es_LA","article_modified_time":"2026-03-16T15:24:03+00:00","og_image":[{"url":"https:\/\/itp.edu.co\/ITP2022\/wp-content\/uploads\/2025\/11\/Logo-azul-PNG-01-1024x330.webp","type":"","width":"","height":""}],"twitter_card":"summary_large_image","twitter_site":"@ITPOficial","twitter_misc":{"Tiempo de lectura":"1 minuto"},"schema":{"@context":"https:\/\/schema.org","@graph":[{"@type":"WebPage","@id":"https:\/\/itp.edu.co\/ITP2022\/?page_id=3775","url":"https:\/\/itp.edu.co\/ITP2022\/?page_id=3775","name":"Cont\u00e1ctos - UNIPUTUMAYO","isPartOf":{"@id":"https:\/\/itp.edu.co\/ITP2022\/#website"},"primaryImageOfPage":{"@id":"https:\/\/itp.edu.co\/ITP2022\/?page_id=3775#primaryimage"},"image":{"@id":"https:\/\/itp.edu.co\/ITP2022\/?page_id=3775#primaryimage"},"thumbnailUrl":"https:\/\/itp.edu.co\/ITP2022\/wp-content\/uploads\/2025\/11\/Logo-azul-PNG-01-1024x330.webp","datePublished":"2023-02-07T22:27:19+00:00","dateModified":"2026-03-16T15:24:03+00:00","breadcrumb":{"@id":"https:\/\/itp.edu.co\/ITP2022\/?page_id=3775#breadcrumb"},"inLanguage":"es-CO","potentialAction":[{"@type":"ReadAction","target":["https:\/\/itp.edu.co\/ITP2022\/?page_id=3775"]}]},{"@type":"ImageObject","inLanguage":"es-CO","@id":"https:\/\/itp.edu.co\/ITP2022\/?page_id=3775#primaryimage","url":"https:\/\/itp.edu.co\/ITP2022\/wp-content\/uploads\/2025\/11\/Logo-azul-PNG-01-1024x330.webp","contentUrl":"https:\/\/itp.edu.co\/ITP2022\/wp-content\/uploads\/2025\/11\/Logo-azul-PNG-01-1024x330.webp"},{"@type":"BreadcrumbList","@id":"https:\/\/itp.edu.co\/ITP2022\/?page_id=3775#breadcrumb","itemListElement":[{"@type":"ListItem","position":1,"name":"Inicio","item":"https:\/\/itp.edu.co\/ITP2022\/"},{"@type":"ListItem","position":2,"name":"Cont\u00e1ctos"}]},{"@type":"WebSite","@id":"https:\/\/itp.edu.co\/ITP2022\/#website","url":"https:\/\/itp.edu.co\/ITP2022\/","name":"UNIPUTUMAYO","description":"","publisher":{"@id":"https:\/\/itp.edu.co\/ITP2022\/#organization"},"potentialAction":[{"@type":"SearchAction","target":{"@type":"EntryPoint","urlTemplate":"https:\/\/itp.edu.co\/ITP2022\/?s={search_term_string}"},"query-input":{"@type":"PropertyValueSpecification","valueRequired":true,"valueName":"search_term_string"}}],"inLanguage":"es-CO"},{"@type":"Organization","@id":"https:\/\/itp.edu.co\/ITP2022\/#organization","name":"UNIPUTUMAYO","url":"https:\/\/itp.edu.co\/ITP2022\/","logo":{"@type":"ImageObject","inLanguage":"es-CO","@id":"https:\/\/itp.edu.co\/ITP2022\/#\/schema\/logo\/image\/","url":"https:\/\/i0.wp.com\/itp.edu.co\/ITP2022\/wp-content\/uploads\/2025\/11\/Logo-azul-PNG-01-scaled.webp?fit=1920%2C620&ssl=1","contentUrl":"https:\/\/i0.wp.com\/itp.edu.co\/ITP2022\/wp-content\/uploads\/2025\/11\/Logo-azul-PNG-01-scaled.webp?fit=1920%2C620&ssl=1","width":1920,"height":620,"caption":"UNIPUTUMAYO"},"image":{"@id":"https:\/\/itp.edu.co\/ITP2022\/#\/schema\/logo\/image\/"},"sameAs":["https:\/\/www.facebook.com\/OficialITP\/?locale=es_LA","https:\/\/x.com\/ITPOficial"]}]}},"uagb_featured_image_src":{"full":false,"thumbnail":false,"medium":false,"medium_large":false,"large":false,"1536x1536":false,"2048x2048":false,"smart-post-landscape":false,"smart-post-portrait":false,"neve-blog":false,"psacp-medium":false},"uagb_author_info":{"display_name":"administrador","author_link":"https:\/\/itp.edu.co\/ITP2022\/author\/administrador"},"uagb_comment_info":0,"uagb_excerpt":"Instituci\u00f3n Universitaria del Putumayo Contacto y ubicaci\u00f3n Atenci\u00f3n y servicio al ciudadano Instituto Tecnol\u00f3gico del Putumayo. NIT. 800.247.940-1 Ubicaci\u00f3n: Atenci\u00f3n al usuario &#8211; sede principal Barrio Luis Carlos Gal\u00e1n L\u00ednea de Atenci\u00f3n: 3138052807 Correo Institucional: atencionalusuario@itp.edu.co Atenci\u00f3n al P\u00fablico: Lunes a Viernes de 8 a.m. a 12 m. y de 2 p.m. a 6 p.m.&hellip;","jetpack-related-posts":[],"jetpack_sharing_enabled":true,"rttpg_featured_image_url":null,"rttpg_author":{"display_name":"administrador","author_link":"https:\/\/itp.edu.co\/ITP2022\/author\/administrador"},"rttpg_comment":0,"rttpg_category":null,"rttpg_excerpt":"Instituci\u00f3n Universitaria del Putumayo Contacto y ubicaci\u00f3n Atenci\u00f3n y servicio al ciudadano Instituto Tecnol\u00f3gico del Putumayo. NIT. 800.247.940-1 Ubicaci\u00f3n: Atenci\u00f3n al usuario &#8211; sede principal Barrio Luis Carlos Gal\u00e1n L\u00ednea de Atenci\u00f3n: 3138052807 Correo Institucional: atencionalusuario@itp.edu.co Atenci\u00f3n al P\u00fablico: Lunes a Viernes de 8 a.m. a 12 m. y de 2 p.m. a 6 p.m.&hellip;","_links":{"self":[{"href":"https:\/\/itp.edu.co\/ITP2022\/index.php?rest_route=\/wp\/v2\/pages\/3775","targetHints":{"allow":["GET"]}}],"collection":[{"href":"https:\/\/itp.edu.co\/ITP2022\/index.php?rest_route=\/wp\/v2\/pages"}],"about":[{"href":"https:\/\/itp.edu.co\/ITP2022\/index.php?rest_route=\/wp\/v2\/types\/page"}],"author":[{"embeddable":true,"href":"https:\/\/itp.edu.co\/ITP2022\/index.php?rest_route=\/wp\/v2\/users\/1"}],"replies":[{"embeddable":true,"href":"https:\/\/itp.edu.co\/ITP2022\/index.php?rest_route=%2Fwp%2Fv2%2Fcomments&post=3775"}],"version-history":[{"count":88,"href":"https:\/\/itp.edu.co\/ITP2022\/index.php?rest_route=\/wp\/v2\/pages\/3775\/revisions"}],"predecessor-version":[{"id":16212,"href":"https:\/\/itp.edu.co\/ITP2022\/index.php?rest_route=\/wp\/v2\/pages\/3775\/revisions\/16212"}],"wp:attachment":[{"href":"https:\/\/itp.edu.co\/ITP2022\/index.php?rest_route=%2Fwp%2Fv2%2Fmedia&parent=3775"}],"curies":[{"name":"wp","href":"https:\/\/api.w.org\/{rel}","templated":true}]}}