{"id":14896,"date":"2025-10-07T15:52:09","date_gmt":"2025-10-07T20:52:09","guid":{"rendered":"https:\/\/itp.edu.co\/ITP2022\/?page_id=14896"},"modified":"2025-10-07T15:52:11","modified_gmt":"2025-10-07T20:52:11","slug":"biblioteca-condiciones-de-prestamo-2","status":"publish","type":"page","link":"https:\/\/itp.edu.co\/ITP2022\/?page_id=14896","title":{"rendered":"Biblioteca &#8211; Condiciones de pr\u00e9stamo"},"content":{"rendered":"<div class=\"wp-block-image\">\n<figure class=\"aligncenter size-large is-resized\"><img data-recalc-dims=\"1\" loading=\"lazy\" decoding=\"async\" width=\"1024\" height=\"330\" src=\"https:\/\/i0.wp.com\/itp.edu.co\/ITP2022\/wp-content\/uploads\/2025\/09\/Logo-azul-PNG-01-1-1024x330.png?resize=1024%2C330&#038;ssl=1\" alt=\"\" class=\"wp-image-14680\" style=\"width:441px;height:auto\" srcset=\"https:\/\/i0.wp.com\/itp.edu.co\/ITP2022\/wp-content\/uploads\/2025\/09\/Logo-azul-PNG-01-1-scaled.png?resize=1024%2C330&amp;ssl=1 1024w, https:\/\/i0.wp.com\/itp.edu.co\/ITP2022\/wp-content\/uploads\/2025\/09\/Logo-azul-PNG-01-1-scaled.png?resize=300%2C97&amp;ssl=1 300w, https:\/\/i0.wp.com\/itp.edu.co\/ITP2022\/wp-content\/uploads\/2025\/09\/Logo-azul-PNG-01-1-scaled.png?resize=768%2C248&amp;ssl=1 768w, https:\/\/i0.wp.com\/itp.edu.co\/ITP2022\/wp-content\/uploads\/2025\/09\/Logo-azul-PNG-01-1-scaled.png?resize=1536%2C496&amp;ssl=1 1536w, https:\/\/i0.wp.com\/itp.edu.co\/ITP2022\/wp-content\/uploads\/2025\/09\/Logo-azul-PNG-01-1-scaled.png?resize=2048%2C661&amp;ssl=1 2048w, https:\/\/i0.wp.com\/itp.edu.co\/ITP2022\/wp-content\/uploads\/2025\/09\/Logo-azul-PNG-01-1-scaled.png?w=2400&amp;ssl=1 2400w\" sizes=\"auto, (max-width: 1024px) 100vw, 1024px\" \/><\/figure>\n<\/div>\n\n\n<div class=\"wp-block-media-text is-stacked-on-mobile\" style=\"grid-template-columns:32% auto\"><figure class=\"wp-block-media-text__media\"><img data-recalc-dims=\"1\" loading=\"lazy\" decoding=\"async\" width=\"768\" height=\"1024\" src=\"https:\/\/i0.wp.com\/itp.edu.co\/ITP2022\/wp-content\/uploads\/2025\/10\/FOTO-CONDICIONES-DE-PRESTAMO-768x1024.jpg?resize=768%2C1024&#038;ssl=1\" alt=\"\" class=\"wp-image-14867 size-full\" srcset=\"https:\/\/i0.wp.com\/itp.edu.co\/ITP2022\/wp-content\/uploads\/2025\/10\/FOTO-CONDICIONES-DE-PRESTAMO-scaled.jpg?resize=768%2C1024&amp;ssl=1 768w, https:\/\/i0.wp.com\/itp.edu.co\/ITP2022\/wp-content\/uploads\/2025\/10\/FOTO-CONDICIONES-DE-PRESTAMO-scaled.jpg?resize=225%2C300&amp;ssl=1 225w, https:\/\/i0.wp.com\/itp.edu.co\/ITP2022\/wp-content\/uploads\/2025\/10\/FOTO-CONDICIONES-DE-PRESTAMO-scaled.jpg?resize=1152%2C1536&amp;ssl=1 1152w, https:\/\/i0.wp.com\/itp.edu.co\/ITP2022\/wp-content\/uploads\/2025\/10\/FOTO-CONDICIONES-DE-PRESTAMO-scaled.jpg?resize=1536%2C2048&amp;ssl=1 1536w, https:\/\/i0.wp.com\/itp.edu.co\/ITP2022\/wp-content\/uploads\/2025\/10\/FOTO-CONDICIONES-DE-PRESTAMO-scaled.jpg?w=1920&amp;ssl=1 1920w\" sizes=\"auto, (max-width: 768px) 100vw, 768px\" \/><\/figure><div class=\"wp-block-media-text__content\">\n<p class=\"has-medium-font-size\">Los usuarios de la Biblioteca tienen acceso ilimitado a la consulta de todos los materiales bibliogr\u00e1ficos disponibles, los cuales incluyen libros, revistas, enciclopedias y otros recursos impresos o digitales. Adem\u00e1s, tienen la posibilidad de tomar en calidad de pr\u00e9stamo externo aquellos materiales que lo permitan, de acuerdo con las Pol\u00edticas de Pr\u00e9stamo establecidas por la Biblioteca. Estas pol\u00edticas regulan aspectos como el n\u00famero m\u00e1ximo de ejemplares que pueden ser prestados, el tiempo de duraci\u00f3n del pr\u00e9stamo, la posibilidad de renovaci\u00f3n, las sanciones por retrasos en la devoluci\u00f3n, y los materiales que por su naturaleza o demanda deben permanecer en sala. Asimismo, los usuarios pueden fotocopiar partes de los documentos, respetando siempre las disposiciones legales sobre derechos de autor y las normas internas de la instituci\u00f3n.<\/p>\n<\/div><\/div>\n\n\n\n<p><\/p>\n","protected":false},"excerpt":{"rendered":"<p>Los usuarios de la Biblioteca tienen acceso ilimitado a la consulta de todos los materiales bibliogr\u00e1ficos disponibles, los cuales incluyen libros, revistas, enciclopedias y otros recursos impresos o digitales. Adem\u00e1s, tienen la posibilidad de tomar en calidad de pr\u00e9stamo externo aquellos materiales que lo permitan, de acuerdo con las Pol\u00edticas de Pr\u00e9stamo establecidas por la Biblioteca. Estas pol\u00edticas regulan aspectos como el n\u00famero m\u00e1ximo de ejemplares que pueden ser prestados, el tiempo de duraci\u00f3n del pr\u00e9stamo, la posibilidad de renovaci\u00f3n, las sanciones por retrasos en la devoluci\u00f3n, y los materiales que por su naturaleza o demanda deben permanecer en sala. Asimismo, los usuarios pueden fotocopiar partes de los documentos, respetando siempre las disposiciones legales sobre derechos de autor y las normas internas de la instituci\u00f3n.<\/p>\n","protected":false},"author":1,"featured_media":0,"parent":0,"menu_order":0,"comment_status":"closed","ping_status":"closed","template":"","meta":{"_uag_custom_page_level_css":"","neve_meta_sidebar":"","neve_meta_container":"","neve_meta_enable_content_width":"","neve_meta_content_width":0,"neve_meta_title_alignment":"","neve_meta_author_avatar":"","neve_post_elements_order":"","neve_meta_disable_header":"","neve_meta_disable_footer":"","neve_meta_disable_title":"","footnotes":""},"class_list":["post-14896","page","type-page","status-publish","hentry"],"yoast_head":"<!-- This site is optimized with the Yoast SEO plugin v27.5 - https:\/\/yoast.com\/product\/yoast-seo-wordpress\/ -->\n<title>Biblioteca - Condiciones de pr\u00e9stamo - UNIPUTUMAYO<\/title>\n<meta name=\"robots\" content=\"index, follow, max-snippet:-1, max-image-preview:large, max-video-preview:-1\" \/>\n<link rel=\"canonical\" href=\"https:\/\/itp.edu.co\/ITP2022\/?page_id=14896\" \/>\n<meta property=\"og:locale\" content=\"es_ES\" \/>\n<meta property=\"og:type\" content=\"article\" \/>\n<meta property=\"og:title\" content=\"Biblioteca - Condiciones de pr\u00e9stamo - UNIPUTUMAYO\" \/>\n<meta property=\"og:description\" content=\"Los usuarios de la Biblioteca tienen acceso ilimitado a la consulta de todos los materiales bibliogr\u00e1ficos disponibles, los cuales incluyen libros, revistas, enciclopedias y otros recursos impresos o digitales. Adem\u00e1s, tienen la posibilidad de tomar en calidad de pr\u00e9stamo externo aquellos materiales que lo permitan, de acuerdo con las Pol\u00edticas de Pr\u00e9stamo establecidas por la Biblioteca. Estas pol\u00edticas regulan aspectos como el n\u00famero m\u00e1ximo de ejemplares que pueden ser prestados, el tiempo de duraci\u00f3n del pr\u00e9stamo, la posibilidad de renovaci\u00f3n, las sanciones por retrasos en la devoluci\u00f3n, y los materiales que por su naturaleza o demanda deben permanecer en sala. Asimismo, los usuarios pueden fotocopiar partes de los documentos, respetando siempre las disposiciones legales sobre derechos de autor y las normas internas de la instituci\u00f3n.\" \/>\n<meta property=\"og:url\" content=\"https:\/\/itp.edu.co\/ITP2022\/?page_id=14896\" \/>\n<meta property=\"og:site_name\" content=\"UNIPUTUMAYO\" \/>\n<meta property=\"article:publisher\" content=\"https:\/\/www.facebook.com\/OficialITP\/?locale=es_LA\" \/>\n<meta property=\"article:modified_time\" content=\"2025-10-07T20:52:11+00:00\" \/>\n<meta property=\"og:image\" content=\"https:\/\/itp.edu.co\/ITP2022\/wp-content\/uploads\/2025\/09\/Logo-azul-PNG-01-1-1024x330.png\" \/>\n<meta name=\"twitter:card\" content=\"summary_large_image\" \/>\n<meta name=\"twitter:site\" content=\"@ITPOficial\" \/>\n<meta name=\"twitter:label1\" content=\"Tiempo de lectura\" \/>\n\t<meta name=\"twitter:data1\" content=\"1 minuto\" \/>\n<script type=\"application\/ld+json\" class=\"yoast-schema-graph\">{\"@context\":\"https:\\\/\\\/schema.org\",\"@graph\":[{\"@type\":\"WebPage\",\"@id\":\"https:\\\/\\\/itp.edu.co\\\/ITP2022\\\/?page_id=14896\",\"url\":\"https:\\\/\\\/itp.edu.co\\\/ITP2022\\\/?page_id=14896\",\"name\":\"Biblioteca - Condiciones de pr\u00e9stamo - UNIPUTUMAYO\",\"isPartOf\":{\"@id\":\"https:\\\/\\\/itp.edu.co\\\/ITP2022\\\/#website\"},\"primaryImageOfPage\":{\"@id\":\"https:\\\/\\\/itp.edu.co\\\/ITP2022\\\/?page_id=14896#primaryimage\"},\"image\":{\"@id\":\"https:\\\/\\\/itp.edu.co\\\/ITP2022\\\/?page_id=14896#primaryimage\"},\"thumbnailUrl\":\"https:\\\/\\\/itp.edu.co\\\/ITP2022\\\/wp-content\\\/uploads\\\/2025\\\/09\\\/Logo-azul-PNG-01-1-1024x330.png\",\"datePublished\":\"2025-10-07T20:52:09+00:00\",\"dateModified\":\"2025-10-07T20:52:11+00:00\",\"breadcrumb\":{\"@id\":\"https:\\\/\\\/itp.edu.co\\\/ITP2022\\\/?page_id=14896#breadcrumb\"},\"inLanguage\":\"es-CO\",\"potentialAction\":[{\"@type\":\"ReadAction\",\"target\":[\"https:\\\/\\\/itp.edu.co\\\/ITP2022\\\/?page_id=14896\"]}]},{\"@type\":\"ImageObject\",\"inLanguage\":\"es-CO\",\"@id\":\"https:\\\/\\\/itp.edu.co\\\/ITP2022\\\/?page_id=14896#primaryimage\",\"url\":\"https:\\\/\\\/i0.wp.com\\\/itp.edu.co\\\/ITP2022\\\/wp-content\\\/uploads\\\/2025\\\/09\\\/Logo-azul-PNG-01-1-scaled.png?fit=2560%2C826&ssl=1\",\"contentUrl\":\"https:\\\/\\\/i0.wp.com\\\/itp.edu.co\\\/ITP2022\\\/wp-content\\\/uploads\\\/2025\\\/09\\\/Logo-azul-PNG-01-1-scaled.png?fit=2560%2C826&ssl=1\",\"width\":2560,\"height\":826},{\"@type\":\"BreadcrumbList\",\"@id\":\"https:\\\/\\\/itp.edu.co\\\/ITP2022\\\/?page_id=14896#breadcrumb\",\"itemListElement\":[{\"@type\":\"ListItem\",\"position\":1,\"name\":\"Inicio\",\"item\":\"https:\\\/\\\/itp.edu.co\\\/ITP2022\\\/\"},{\"@type\":\"ListItem\",\"position\":2,\"name\":\"Biblioteca &#8211; Condiciones de pr\u00e9stamo\"}]},{\"@type\":\"WebSite\",\"@id\":\"https:\\\/\\\/itp.edu.co\\\/ITP2022\\\/#website\",\"url\":\"https:\\\/\\\/itp.edu.co\\\/ITP2022\\\/\",\"name\":\"UNIPUTUMAYO\",\"description\":\"\",\"publisher\":{\"@id\":\"https:\\\/\\\/itp.edu.co\\\/ITP2022\\\/#organization\"},\"potentialAction\":[{\"@type\":\"SearchAction\",\"target\":{\"@type\":\"EntryPoint\",\"urlTemplate\":\"https:\\\/\\\/itp.edu.co\\\/ITP2022\\\/?s={search_term_string}\"},\"query-input\":{\"@type\":\"PropertyValueSpecification\",\"valueRequired\":true,\"valueName\":\"search_term_string\"}}],\"inLanguage\":\"es-CO\"},{\"@type\":\"Organization\",\"@id\":\"https:\\\/\\\/itp.edu.co\\\/ITP2022\\\/#organization\",\"name\":\"UNIPUTUMAYO\",\"url\":\"https:\\\/\\\/itp.edu.co\\\/ITP2022\\\/\",\"logo\":{\"@type\":\"ImageObject\",\"inLanguage\":\"es-CO\",\"@id\":\"https:\\\/\\\/itp.edu.co\\\/ITP2022\\\/#\\\/schema\\\/logo\\\/image\\\/\",\"url\":\"https:\\\/\\\/i0.wp.com\\\/itp.edu.co\\\/ITP2022\\\/wp-content\\\/uploads\\\/2025\\\/11\\\/Logo-azul-PNG-01-scaled.webp?fit=1920%2C620&ssl=1\",\"contentUrl\":\"https:\\\/\\\/i0.wp.com\\\/itp.edu.co\\\/ITP2022\\\/wp-content\\\/uploads\\\/2025\\\/11\\\/Logo-azul-PNG-01-scaled.webp?fit=1920%2C620&ssl=1\",\"width\":1920,\"height\":620,\"caption\":\"UNIPUTUMAYO\"},\"image\":{\"@id\":\"https:\\\/\\\/itp.edu.co\\\/ITP2022\\\/#\\\/schema\\\/logo\\\/image\\\/\"},\"sameAs\":[\"https:\\\/\\\/www.facebook.com\\\/OficialITP\\\/?locale=es_LA\",\"https:\\\/\\\/x.com\\\/ITPOficial\"]}]}<\/script>\n<!-- \/ Yoast SEO plugin. -->","yoast_head_json":{"title":"Biblioteca - Condiciones de pr\u00e9stamo - UNIPUTUMAYO","robots":{"index":"index","follow":"follow","max-snippet":"max-snippet:-1","max-image-preview":"max-image-preview:large","max-video-preview":"max-video-preview:-1"},"canonical":"https:\/\/itp.edu.co\/ITP2022\/?page_id=14896","og_locale":"es_ES","og_type":"article","og_title":"Biblioteca - Condiciones de pr\u00e9stamo - UNIPUTUMAYO","og_description":"Los usuarios de la Biblioteca tienen acceso ilimitado a la consulta de todos los materiales bibliogr\u00e1ficos disponibles, los cuales incluyen libros, revistas, enciclopedias y otros recursos impresos o digitales. Adem\u00e1s, tienen la posibilidad de tomar en calidad de pr\u00e9stamo externo aquellos materiales que lo permitan, de acuerdo con las Pol\u00edticas de Pr\u00e9stamo establecidas por la Biblioteca. Estas pol\u00edticas regulan aspectos como el n\u00famero m\u00e1ximo de ejemplares que pueden ser prestados, el tiempo de duraci\u00f3n del pr\u00e9stamo, la posibilidad de renovaci\u00f3n, las sanciones por retrasos en la devoluci\u00f3n, y los materiales que por su naturaleza o demanda deben permanecer en sala. Asimismo, los usuarios pueden fotocopiar partes de los documentos, respetando siempre las disposiciones legales sobre derechos de autor y las normas internas de la instituci\u00f3n.","og_url":"https:\/\/itp.edu.co\/ITP2022\/?page_id=14896","og_site_name":"UNIPUTUMAYO","article_publisher":"https:\/\/www.facebook.com\/OficialITP\/?locale=es_LA","article_modified_time":"2025-10-07T20:52:11+00:00","og_image":[{"url":"https:\/\/itp.edu.co\/ITP2022\/wp-content\/uploads\/2025\/09\/Logo-azul-PNG-01-1-1024x330.png","type":"","width":"","height":""}],"twitter_card":"summary_large_image","twitter_site":"@ITPOficial","twitter_misc":{"Tiempo de lectura":"1 minuto"},"schema":{"@context":"https:\/\/schema.org","@graph":[{"@type":"WebPage","@id":"https:\/\/itp.edu.co\/ITP2022\/?page_id=14896","url":"https:\/\/itp.edu.co\/ITP2022\/?page_id=14896","name":"Biblioteca - Condiciones de pr\u00e9stamo - UNIPUTUMAYO","isPartOf":{"@id":"https:\/\/itp.edu.co\/ITP2022\/#website"},"primaryImageOfPage":{"@id":"https:\/\/itp.edu.co\/ITP2022\/?page_id=14896#primaryimage"},"image":{"@id":"https:\/\/itp.edu.co\/ITP2022\/?page_id=14896#primaryimage"},"thumbnailUrl":"https:\/\/itp.edu.co\/ITP2022\/wp-content\/uploads\/2025\/09\/Logo-azul-PNG-01-1-1024x330.png","datePublished":"2025-10-07T20:52:09+00:00","dateModified":"2025-10-07T20:52:11+00:00","breadcrumb":{"@id":"https:\/\/itp.edu.co\/ITP2022\/?page_id=14896#breadcrumb"},"inLanguage":"es-CO","potentialAction":[{"@type":"ReadAction","target":["https:\/\/itp.edu.co\/ITP2022\/?page_id=14896"]}]},{"@type":"ImageObject","inLanguage":"es-CO","@id":"https:\/\/itp.edu.co\/ITP2022\/?page_id=14896#primaryimage","url":"https:\/\/i0.wp.com\/itp.edu.co\/ITP2022\/wp-content\/uploads\/2025\/09\/Logo-azul-PNG-01-1-scaled.png?fit=2560%2C826&ssl=1","contentUrl":"https:\/\/i0.wp.com\/itp.edu.co\/ITP2022\/wp-content\/uploads\/2025\/09\/Logo-azul-PNG-01-1-scaled.png?fit=2560%2C826&ssl=1","width":2560,"height":826},{"@type":"BreadcrumbList","@id":"https:\/\/itp.edu.co\/ITP2022\/?page_id=14896#breadcrumb","itemListElement":[{"@type":"ListItem","position":1,"name":"Inicio","item":"https:\/\/itp.edu.co\/ITP2022\/"},{"@type":"ListItem","position":2,"name":"Biblioteca &#8211; Condiciones de pr\u00e9stamo"}]},{"@type":"WebSite","@id":"https:\/\/itp.edu.co\/ITP2022\/#website","url":"https:\/\/itp.edu.co\/ITP2022\/","name":"UNIPUTUMAYO","description":"","publisher":{"@id":"https:\/\/itp.edu.co\/ITP2022\/#organization"},"potentialAction":[{"@type":"SearchAction","target":{"@type":"EntryPoint","urlTemplate":"https:\/\/itp.edu.co\/ITP2022\/?s={search_term_string}"},"query-input":{"@type":"PropertyValueSpecification","valueRequired":true,"valueName":"search_term_string"}}],"inLanguage":"es-CO"},{"@type":"Organization","@id":"https:\/\/itp.edu.co\/ITP2022\/#organization","name":"UNIPUTUMAYO","url":"https:\/\/itp.edu.co\/ITP2022\/","logo":{"@type":"ImageObject","inLanguage":"es-CO","@id":"https:\/\/itp.edu.co\/ITP2022\/#\/schema\/logo\/image\/","url":"https:\/\/i0.wp.com\/itp.edu.co\/ITP2022\/wp-content\/uploads\/2025\/11\/Logo-azul-PNG-01-scaled.webp?fit=1920%2C620&ssl=1","contentUrl":"https:\/\/i0.wp.com\/itp.edu.co\/ITP2022\/wp-content\/uploads\/2025\/11\/Logo-azul-PNG-01-scaled.webp?fit=1920%2C620&ssl=1","width":1920,"height":620,"caption":"UNIPUTUMAYO"},"image":{"@id":"https:\/\/itp.edu.co\/ITP2022\/#\/schema\/logo\/image\/"},"sameAs":["https:\/\/www.facebook.com\/OficialITP\/?locale=es_LA","https:\/\/x.com\/ITPOficial"]}]}},"uagb_featured_image_src":{"full":false,"thumbnail":false,"medium":false,"medium_large":false,"large":false,"1536x1536":false,"2048x2048":false,"smart-post-landscape":false,"smart-post-portrait":false,"neve-blog":false,"psacp-medium":false},"uagb_author_info":{"display_name":"administrador","author_link":"https:\/\/itp.edu.co\/ITP2022\/author\/administrador"},"uagb_comment_info":0,"uagb_excerpt":"Los usuarios de la Biblioteca tienen acceso ilimitado a la consulta de todos los materiales bibliogr\u00e1ficos disponibles, los cuales incluyen libros, revistas, enciclopedias y otros recursos impresos o digitales. Adem\u00e1s, tienen la posibilidad de tomar en calidad de pr\u00e9stamo externo aquellos materiales que lo permitan, de acuerdo con las Pol\u00edticas de Pr\u00e9stamo establecidas por la&hellip;","jetpack-related-posts":[],"jetpack_sharing_enabled":true,"rttpg_featured_image_url":null,"rttpg_author":{"display_name":"administrador","author_link":"https:\/\/itp.edu.co\/ITP2022\/author\/administrador"},"rttpg_comment":0,"rttpg_category":null,"rttpg_excerpt":"Los usuarios de la Biblioteca tienen acceso ilimitado a la consulta de todos los materiales bibliogr\u00e1ficos disponibles, los cuales incluyen libros, revistas, enciclopedias y otros recursos impresos o digitales. Adem\u00e1s, tienen la posibilidad de tomar en calidad de pr\u00e9stamo externo aquellos materiales que lo permitan, de acuerdo con las Pol\u00edticas de Pr\u00e9stamo establecidas por la&hellip;","_links":{"self":[{"href":"https:\/\/itp.edu.co\/ITP2022\/index.php?rest_route=\/wp\/v2\/pages\/14896","targetHints":{"allow":["GET"]}}],"collection":[{"href":"https:\/\/itp.edu.co\/ITP2022\/index.php?rest_route=\/wp\/v2\/pages"}],"about":[{"href":"https:\/\/itp.edu.co\/ITP2022\/index.php?rest_route=\/wp\/v2\/types\/page"}],"author":[{"embeddable":true,"href":"https:\/\/itp.edu.co\/ITP2022\/index.php?rest_route=\/wp\/v2\/users\/1"}],"replies":[{"embeddable":true,"href":"https:\/\/itp.edu.co\/ITP2022\/index.php?rest_route=%2Fwp%2Fv2%2Fcomments&post=14896"}],"version-history":[{"count":2,"href":"https:\/\/itp.edu.co\/ITP2022\/index.php?rest_route=\/wp\/v2\/pages\/14896\/revisions"}],"predecessor-version":[{"id":14911,"href":"https:\/\/itp.edu.co\/ITP2022\/index.php?rest_route=\/wp\/v2\/pages\/14896\/revisions\/14911"}],"wp:attachment":[{"href":"https:\/\/itp.edu.co\/ITP2022\/index.php?rest_route=%2Fwp%2Fv2%2Fmedia&parent=14896"}],"curies":[{"name":"wp","href":"https:\/\/api.w.org\/{rel}","templated":true}]}}