{"id":14886,"date":"2025-10-07T15:15:55","date_gmt":"2025-10-07T20:15:55","guid":{"rendered":"https:\/\/itp.edu.co\/ITP2022\/?page_id=14886"},"modified":"2025-10-08T10:25:55","modified_gmt":"2025-10-08T15:25:55","slug":"biblioteca-sala-de-lectura-y-estudio","status":"publish","type":"page","link":"https:\/\/itp.edu.co\/ITP2022\/?page_id=14886","title":{"rendered":"Biblioteca &#8211; Sala de lectura y estudio"},"content":{"rendered":"<div class=\"wp-block-image\">\n<figure class=\"aligncenter size-large is-resized\"><img data-recalc-dims=\"1\" loading=\"lazy\" decoding=\"async\" width=\"1024\" height=\"330\" src=\"https:\/\/i0.wp.com\/itp.edu.co\/ITP2022\/wp-content\/uploads\/2025\/09\/Logo-azul-PNG-01-1-1-1024x330.png?resize=1024%2C330&#038;ssl=1\" alt=\"\" class=\"wp-image-14681\" style=\"width:340px;height:auto\" srcset=\"https:\/\/i0.wp.com\/itp.edu.co\/ITP2022\/wp-content\/uploads\/2025\/09\/Logo-azul-PNG-01-1-1-scaled.png?resize=1024%2C330&amp;ssl=1 1024w, https:\/\/i0.wp.com\/itp.edu.co\/ITP2022\/wp-content\/uploads\/2025\/09\/Logo-azul-PNG-01-1-1-scaled.png?resize=300%2C97&amp;ssl=1 300w, https:\/\/i0.wp.com\/itp.edu.co\/ITP2022\/wp-content\/uploads\/2025\/09\/Logo-azul-PNG-01-1-1-scaled.png?resize=768%2C248&amp;ssl=1 768w, https:\/\/i0.wp.com\/itp.edu.co\/ITP2022\/wp-content\/uploads\/2025\/09\/Logo-azul-PNG-01-1-1-scaled.png?resize=1536%2C496&amp;ssl=1 1536w, https:\/\/i0.wp.com\/itp.edu.co\/ITP2022\/wp-content\/uploads\/2025\/09\/Logo-azul-PNG-01-1-1-scaled.png?resize=2048%2C661&amp;ssl=1 2048w, https:\/\/i0.wp.com\/itp.edu.co\/ITP2022\/wp-content\/uploads\/2025\/09\/Logo-azul-PNG-01-1-1-scaled.png?w=2400&amp;ssl=1 2400w\" sizes=\"auto, (max-width: 1024px) 100vw, 1024px\" \/><\/figure>\n<\/div>\n\n\n<div class=\"wp-block-media-text alignwide is-stacked-on-mobile is-vertically-aligned-center\" style=\"grid-template-columns:34% auto\"><figure class=\"wp-block-media-text__media\"><img data-recalc-dims=\"1\" loading=\"lazy\" decoding=\"async\" width=\"632\" height=\"474\" src=\"https:\/\/i0.wp.com\/itp.edu.co\/ITP2022\/wp-content\/uploads\/2025\/10\/FOTO-SALA-DE-LECTURA-1.jpg?resize=632%2C474&#038;ssl=1\" alt=\"\" class=\"wp-image-14863 size-full\" srcset=\"https:\/\/i0.wp.com\/itp.edu.co\/ITP2022\/wp-content\/uploads\/2025\/10\/FOTO-SALA-DE-LECTURA-1.jpg?w=632&amp;ssl=1 632w, https:\/\/i0.wp.com\/itp.edu.co\/ITP2022\/wp-content\/uploads\/2025\/10\/FOTO-SALA-DE-LECTURA-1.jpg?resize=300%2C225&amp;ssl=1 300w\" sizes=\"auto, (max-width: 632px) 100vw, 632px\" \/><\/figure><div class=\"wp-block-media-text__content\">\n<p><\/p>\n\n\n\n<p><\/p>\n\n\n\n<p class=\"has-medium-font-size\"><strong>La sala cuenta con un espacio especialmente dise\u00f1ado para promover la investigaci\u00f3n, la lectura, la consulta y el estudio individual o grupal. Est\u00e1 equipada con una variedad de recursos did\u00e1cticos y tecnol\u00f3gicos que facilitan el acceso a la informaci\u00f3n, como computadores con conexi\u00f3n a internet, bases de datos acad\u00e9micas, material bibliogr\u00e1fico actualizado y herramientas digitales de apoyo al aprendizaje.<br>El ambiente ha sido cuidadosamente acondicionado para ofrecer comodidad y funcionalidad: dispone de iluminaci\u00f3n adecuada y ventilaci\u00f3n apropiada. Este entorno acogedor busca incentivar el h\u00e1bito de la lectura, fomentar el pensamiento cr\u00edtico y brindar un soporte efectivo a las actividades acad\u00e9micas e investigativas de los usuarios.<\/strong><\/p>\n\n\n\n<p class=\"has-medium-font-size\"><\/p>\n<\/div><\/div>\n\n\n\n<p><\/p>\n","protected":false},"excerpt":{"rendered":"<p>La sala cuenta con un espacio especialmente dise\u00f1ado para promover la investigaci\u00f3n, la lectura, la consulta y el estudio individual o grupal. Est\u00e1 equipada con una variedad de recursos did\u00e1cticos y tecnol\u00f3gicos que facilitan el acceso a la informaci\u00f3n, como computadores con conexi\u00f3n a internet, bases de datos acad\u00e9micas, material bibliogr\u00e1fico actualizado y herramientas digitales de apoyo al aprendizaje.El ambiente ha sido cuidadosamente acondicionado para ofrecer comodidad y funcionalidad: dispone de iluminaci\u00f3n adecuada y ventilaci\u00f3n apropiada. Este entorno acogedor busca incentivar el h\u00e1bito de la lectura, fomentar el pensamiento cr\u00edtico y brindar un soporte efectivo a las actividades acad\u00e9micas e investigativas de los usuarios.<\/p>\n","protected":false},"author":1,"featured_media":0,"parent":0,"menu_order":0,"comment_status":"closed","ping_status":"closed","template":"","meta":{"_uag_custom_page_level_css":"","neve_meta_sidebar":"","neve_meta_container":"","neve_meta_enable_content_width":"","neve_meta_content_width":0,"neve_meta_title_alignment":"","neve_meta_author_avatar":"","neve_post_elements_order":"","neve_meta_disable_header":"","neve_meta_disable_footer":"","neve_meta_disable_title":"","footnotes":""},"class_list":["post-14886","page","type-page","status-publish","hentry"],"yoast_head":"<!-- This site is optimized with the Yoast SEO plugin v27.5 - https:\/\/yoast.com\/product\/yoast-seo-wordpress\/ -->\n<title>Biblioteca - Sala de lectura y estudio - UNIPUTUMAYO<\/title>\n<meta name=\"robots\" content=\"index, follow, max-snippet:-1, max-image-preview:large, max-video-preview:-1\" \/>\n<link rel=\"canonical\" href=\"https:\/\/itp.edu.co\/ITP2022\/?page_id=14886\" \/>\n<meta property=\"og:locale\" content=\"es_ES\" \/>\n<meta property=\"og:type\" content=\"article\" \/>\n<meta property=\"og:title\" content=\"Biblioteca - Sala de lectura y estudio - UNIPUTUMAYO\" \/>\n<meta property=\"og:description\" content=\"La sala cuenta con un espacio especialmente dise\u00f1ado para promover la investigaci\u00f3n, la lectura, la consulta y el estudio individual o grupal. Est\u00e1 equipada con una variedad de recursos did\u00e1cticos y tecnol\u00f3gicos que facilitan el acceso a la informaci\u00f3n, como computadores con conexi\u00f3n a internet, bases de datos acad\u00e9micas, material bibliogr\u00e1fico actualizado y herramientas digitales de apoyo al aprendizaje.El ambiente ha sido cuidadosamente acondicionado para ofrecer comodidad y funcionalidad: dispone de iluminaci\u00f3n adecuada y ventilaci\u00f3n apropiada. Este entorno acogedor busca incentivar el h\u00e1bito de la lectura, fomentar el pensamiento cr\u00edtico y brindar un soporte efectivo a las actividades acad\u00e9micas e investigativas de los usuarios.\" \/>\n<meta property=\"og:url\" content=\"https:\/\/itp.edu.co\/ITP2022\/?page_id=14886\" \/>\n<meta property=\"og:site_name\" content=\"UNIPUTUMAYO\" \/>\n<meta property=\"article:publisher\" content=\"https:\/\/www.facebook.com\/OficialITP\/?locale=es_LA\" \/>\n<meta property=\"article:modified_time\" content=\"2025-10-08T15:25:55+00:00\" \/>\n<meta property=\"og:image\" content=\"https:\/\/itp.edu.co\/ITP2022\/wp-content\/uploads\/2025\/09\/Logo-azul-PNG-01-1-1-1024x330.png\" \/>\n<meta name=\"twitter:card\" content=\"summary_large_image\" \/>\n<meta name=\"twitter:site\" content=\"@ITPOficial\" \/>\n<meta name=\"twitter:label1\" content=\"Tiempo de lectura\" \/>\n\t<meta name=\"twitter:data1\" content=\"1 minuto\" \/>\n<script type=\"application\/ld+json\" class=\"yoast-schema-graph\">{\"@context\":\"https:\\\/\\\/schema.org\",\"@graph\":[{\"@type\":\"WebPage\",\"@id\":\"https:\\\/\\\/itp.edu.co\\\/ITP2022\\\/?page_id=14886\",\"url\":\"https:\\\/\\\/itp.edu.co\\\/ITP2022\\\/?page_id=14886\",\"name\":\"Biblioteca - Sala de lectura y estudio - UNIPUTUMAYO\",\"isPartOf\":{\"@id\":\"https:\\\/\\\/itp.edu.co\\\/ITP2022\\\/#website\"},\"primaryImageOfPage\":{\"@id\":\"https:\\\/\\\/itp.edu.co\\\/ITP2022\\\/?page_id=14886#primaryimage\"},\"image\":{\"@id\":\"https:\\\/\\\/itp.edu.co\\\/ITP2022\\\/?page_id=14886#primaryimage\"},\"thumbnailUrl\":\"https:\\\/\\\/itp.edu.co\\\/ITP2022\\\/wp-content\\\/uploads\\\/2025\\\/09\\\/Logo-azul-PNG-01-1-1-1024x330.png\",\"datePublished\":\"2025-10-07T20:15:55+00:00\",\"dateModified\":\"2025-10-08T15:25:55+00:00\",\"breadcrumb\":{\"@id\":\"https:\\\/\\\/itp.edu.co\\\/ITP2022\\\/?page_id=14886#breadcrumb\"},\"inLanguage\":\"es-CO\",\"potentialAction\":[{\"@type\":\"ReadAction\",\"target\":[\"https:\\\/\\\/itp.edu.co\\\/ITP2022\\\/?page_id=14886\"]}]},{\"@type\":\"ImageObject\",\"inLanguage\":\"es-CO\",\"@id\":\"https:\\\/\\\/itp.edu.co\\\/ITP2022\\\/?page_id=14886#primaryimage\",\"url\":\"https:\\\/\\\/i0.wp.com\\\/itp.edu.co\\\/ITP2022\\\/wp-content\\\/uploads\\\/2025\\\/09\\\/Logo-azul-PNG-01-1-1-scaled.png?fit=2560%2C826&ssl=1\",\"contentUrl\":\"https:\\\/\\\/i0.wp.com\\\/itp.edu.co\\\/ITP2022\\\/wp-content\\\/uploads\\\/2025\\\/09\\\/Logo-azul-PNG-01-1-1-scaled.png?fit=2560%2C826&ssl=1\",\"width\":2560,\"height\":826},{\"@type\":\"BreadcrumbList\",\"@id\":\"https:\\\/\\\/itp.edu.co\\\/ITP2022\\\/?page_id=14886#breadcrumb\",\"itemListElement\":[{\"@type\":\"ListItem\",\"position\":1,\"name\":\"Inicio\",\"item\":\"https:\\\/\\\/itp.edu.co\\\/ITP2022\\\/\"},{\"@type\":\"ListItem\",\"position\":2,\"name\":\"Biblioteca &#8211; Sala de lectura y estudio\"}]},{\"@type\":\"WebSite\",\"@id\":\"https:\\\/\\\/itp.edu.co\\\/ITP2022\\\/#website\",\"url\":\"https:\\\/\\\/itp.edu.co\\\/ITP2022\\\/\",\"name\":\"UNIPUTUMAYO\",\"description\":\"\",\"publisher\":{\"@id\":\"https:\\\/\\\/itp.edu.co\\\/ITP2022\\\/#organization\"},\"potentialAction\":[{\"@type\":\"SearchAction\",\"target\":{\"@type\":\"EntryPoint\",\"urlTemplate\":\"https:\\\/\\\/itp.edu.co\\\/ITP2022\\\/?s={search_term_string}\"},\"query-input\":{\"@type\":\"PropertyValueSpecification\",\"valueRequired\":true,\"valueName\":\"search_term_string\"}}],\"inLanguage\":\"es-CO\"},{\"@type\":\"Organization\",\"@id\":\"https:\\\/\\\/itp.edu.co\\\/ITP2022\\\/#organization\",\"name\":\"UNIPUTUMAYO\",\"url\":\"https:\\\/\\\/itp.edu.co\\\/ITP2022\\\/\",\"logo\":{\"@type\":\"ImageObject\",\"inLanguage\":\"es-CO\",\"@id\":\"https:\\\/\\\/itp.edu.co\\\/ITP2022\\\/#\\\/schema\\\/logo\\\/image\\\/\",\"url\":\"https:\\\/\\\/i0.wp.com\\\/itp.edu.co\\\/ITP2022\\\/wp-content\\\/uploads\\\/2025\\\/11\\\/Logo-azul-PNG-01-scaled.webp?fit=1920%2C620&ssl=1\",\"contentUrl\":\"https:\\\/\\\/i0.wp.com\\\/itp.edu.co\\\/ITP2022\\\/wp-content\\\/uploads\\\/2025\\\/11\\\/Logo-azul-PNG-01-scaled.webp?fit=1920%2C620&ssl=1\",\"width\":1920,\"height\":620,\"caption\":\"UNIPUTUMAYO\"},\"image\":{\"@id\":\"https:\\\/\\\/itp.edu.co\\\/ITP2022\\\/#\\\/schema\\\/logo\\\/image\\\/\"},\"sameAs\":[\"https:\\\/\\\/www.facebook.com\\\/OficialITP\\\/?locale=es_LA\",\"https:\\\/\\\/x.com\\\/ITPOficial\"]}]}<\/script>\n<!-- \/ Yoast SEO plugin. -->","yoast_head_json":{"title":"Biblioteca - Sala de lectura y estudio - UNIPUTUMAYO","robots":{"index":"index","follow":"follow","max-snippet":"max-snippet:-1","max-image-preview":"max-image-preview:large","max-video-preview":"max-video-preview:-1"},"canonical":"https:\/\/itp.edu.co\/ITP2022\/?page_id=14886","og_locale":"es_ES","og_type":"article","og_title":"Biblioteca - Sala de lectura y estudio - UNIPUTUMAYO","og_description":"La sala cuenta con un espacio especialmente dise\u00f1ado para promover la investigaci\u00f3n, la lectura, la consulta y el estudio individual o grupal. Est\u00e1 equipada con una variedad de recursos did\u00e1cticos y tecnol\u00f3gicos que facilitan el acceso a la informaci\u00f3n, como computadores con conexi\u00f3n a internet, bases de datos acad\u00e9micas, material bibliogr\u00e1fico actualizado y herramientas digitales de apoyo al aprendizaje.El ambiente ha sido cuidadosamente acondicionado para ofrecer comodidad y funcionalidad: dispone de iluminaci\u00f3n adecuada y ventilaci\u00f3n apropiada. Este entorno acogedor busca incentivar el h\u00e1bito de la lectura, fomentar el pensamiento cr\u00edtico y brindar un soporte efectivo a las actividades acad\u00e9micas e investigativas de los usuarios.","og_url":"https:\/\/itp.edu.co\/ITP2022\/?page_id=14886","og_site_name":"UNIPUTUMAYO","article_publisher":"https:\/\/www.facebook.com\/OficialITP\/?locale=es_LA","article_modified_time":"2025-10-08T15:25:55+00:00","og_image":[{"url":"https:\/\/itp.edu.co\/ITP2022\/wp-content\/uploads\/2025\/09\/Logo-azul-PNG-01-1-1-1024x330.png","type":"","width":"","height":""}],"twitter_card":"summary_large_image","twitter_site":"@ITPOficial","twitter_misc":{"Tiempo de lectura":"1 minuto"},"schema":{"@context":"https:\/\/schema.org","@graph":[{"@type":"WebPage","@id":"https:\/\/itp.edu.co\/ITP2022\/?page_id=14886","url":"https:\/\/itp.edu.co\/ITP2022\/?page_id=14886","name":"Biblioteca - Sala de lectura y estudio - UNIPUTUMAYO","isPartOf":{"@id":"https:\/\/itp.edu.co\/ITP2022\/#website"},"primaryImageOfPage":{"@id":"https:\/\/itp.edu.co\/ITP2022\/?page_id=14886#primaryimage"},"image":{"@id":"https:\/\/itp.edu.co\/ITP2022\/?page_id=14886#primaryimage"},"thumbnailUrl":"https:\/\/itp.edu.co\/ITP2022\/wp-content\/uploads\/2025\/09\/Logo-azul-PNG-01-1-1-1024x330.png","datePublished":"2025-10-07T20:15:55+00:00","dateModified":"2025-10-08T15:25:55+00:00","breadcrumb":{"@id":"https:\/\/itp.edu.co\/ITP2022\/?page_id=14886#breadcrumb"},"inLanguage":"es-CO","potentialAction":[{"@type":"ReadAction","target":["https:\/\/itp.edu.co\/ITP2022\/?page_id=14886"]}]},{"@type":"ImageObject","inLanguage":"es-CO","@id":"https:\/\/itp.edu.co\/ITP2022\/?page_id=14886#primaryimage","url":"https:\/\/i0.wp.com\/itp.edu.co\/ITP2022\/wp-content\/uploads\/2025\/09\/Logo-azul-PNG-01-1-1-scaled.png?fit=2560%2C826&ssl=1","contentUrl":"https:\/\/i0.wp.com\/itp.edu.co\/ITP2022\/wp-content\/uploads\/2025\/09\/Logo-azul-PNG-01-1-1-scaled.png?fit=2560%2C826&ssl=1","width":2560,"height":826},{"@type":"BreadcrumbList","@id":"https:\/\/itp.edu.co\/ITP2022\/?page_id=14886#breadcrumb","itemListElement":[{"@type":"ListItem","position":1,"name":"Inicio","item":"https:\/\/itp.edu.co\/ITP2022\/"},{"@type":"ListItem","position":2,"name":"Biblioteca &#8211; Sala de lectura y estudio"}]},{"@type":"WebSite","@id":"https:\/\/itp.edu.co\/ITP2022\/#website","url":"https:\/\/itp.edu.co\/ITP2022\/","name":"UNIPUTUMAYO","description":"","publisher":{"@id":"https:\/\/itp.edu.co\/ITP2022\/#organization"},"potentialAction":[{"@type":"SearchAction","target":{"@type":"EntryPoint","urlTemplate":"https:\/\/itp.edu.co\/ITP2022\/?s={search_term_string}"},"query-input":{"@type":"PropertyValueSpecification","valueRequired":true,"valueName":"search_term_string"}}],"inLanguage":"es-CO"},{"@type":"Organization","@id":"https:\/\/itp.edu.co\/ITP2022\/#organization","name":"UNIPUTUMAYO","url":"https:\/\/itp.edu.co\/ITP2022\/","logo":{"@type":"ImageObject","inLanguage":"es-CO","@id":"https:\/\/itp.edu.co\/ITP2022\/#\/schema\/logo\/image\/","url":"https:\/\/i0.wp.com\/itp.edu.co\/ITP2022\/wp-content\/uploads\/2025\/11\/Logo-azul-PNG-01-scaled.webp?fit=1920%2C620&ssl=1","contentUrl":"https:\/\/i0.wp.com\/itp.edu.co\/ITP2022\/wp-content\/uploads\/2025\/11\/Logo-azul-PNG-01-scaled.webp?fit=1920%2C620&ssl=1","width":1920,"height":620,"caption":"UNIPUTUMAYO"},"image":{"@id":"https:\/\/itp.edu.co\/ITP2022\/#\/schema\/logo\/image\/"},"sameAs":["https:\/\/www.facebook.com\/OficialITP\/?locale=es_LA","https:\/\/x.com\/ITPOficial"]}]}},"uagb_featured_image_src":{"full":false,"thumbnail":false,"medium":false,"medium_large":false,"large":false,"1536x1536":false,"2048x2048":false,"smart-post-landscape":false,"smart-post-portrait":false,"neve-blog":false,"psacp-medium":false},"uagb_author_info":{"display_name":"administrador","author_link":"https:\/\/itp.edu.co\/ITP2022\/author\/administrador"},"uagb_comment_info":0,"uagb_excerpt":"La sala cuenta con un espacio especialmente dise\u00f1ado para promover la investigaci\u00f3n, la lectura, la consulta y el estudio individual o grupal. Est\u00e1 equipada con una variedad de recursos did\u00e1cticos y tecnol\u00f3gicos que facilitan el acceso a la informaci\u00f3n, como computadores con conexi\u00f3n a internet, bases de datos acad\u00e9micas, material bibliogr\u00e1fico actualizado y herramientas digitales&hellip;","jetpack-related-posts":[],"jetpack_sharing_enabled":true,"rttpg_featured_image_url":null,"rttpg_author":{"display_name":"administrador","author_link":"https:\/\/itp.edu.co\/ITP2022\/author\/administrador"},"rttpg_comment":0,"rttpg_category":null,"rttpg_excerpt":"La sala cuenta con un espacio especialmente dise\u00f1ado para promover la investigaci\u00f3n, la lectura, la consulta y el estudio individual o grupal. Est\u00e1 equipada con una variedad de recursos did\u00e1cticos y tecnol\u00f3gicos que facilitan el acceso a la informaci\u00f3n, como computadores con conexi\u00f3n a internet, bases de datos acad\u00e9micas, material bibliogr\u00e1fico actualizado y herramientas digitales&hellip;","_links":{"self":[{"href":"https:\/\/itp.edu.co\/ITP2022\/index.php?rest_route=\/wp\/v2\/pages\/14886","targetHints":{"allow":["GET"]}}],"collection":[{"href":"https:\/\/itp.edu.co\/ITP2022\/index.php?rest_route=\/wp\/v2\/pages"}],"about":[{"href":"https:\/\/itp.edu.co\/ITP2022\/index.php?rest_route=\/wp\/v2\/types\/page"}],"author":[{"embeddable":true,"href":"https:\/\/itp.edu.co\/ITP2022\/index.php?rest_route=\/wp\/v2\/users\/1"}],"replies":[{"embeddable":true,"href":"https:\/\/itp.edu.co\/ITP2022\/index.php?rest_route=%2Fwp%2Fv2%2Fcomments&post=14886"}],"version-history":[{"count":1,"href":"https:\/\/itp.edu.co\/ITP2022\/index.php?rest_route=\/wp\/v2\/pages\/14886\/revisions"}],"predecessor-version":[{"id":14887,"href":"https:\/\/itp.edu.co\/ITP2022\/index.php?rest_route=\/wp\/v2\/pages\/14886\/revisions\/14887"}],"wp:attachment":[{"href":"https:\/\/itp.edu.co\/ITP2022\/index.php?rest_route=%2Fwp%2Fv2%2Fmedia&parent=14886"}],"curies":[{"name":"wp","href":"https:\/\/api.w.org\/{rel}","templated":true}]}}