{"id":14004,"date":"2025-07-16T18:05:36","date_gmt":"2025-07-16T23:05:36","guid":{"rendered":"https:\/\/itp.edu.co\/ITP2022\/?page_id=14004"},"modified":"2026-03-13T10:44:50","modified_gmt":"2026-03-13T15:44:50","slug":"posgrados","status":"publish","type":"page","link":"https:\/\/itp.edu.co\/ITP2022\/?page_id=14004","title":{"rendered":"Posgrados"},"content":{"rendered":"\t\t<div data-elementor-type=\"wp-page\" data-elementor-id=\"14004\" class=\"elementor elementor-14004\">\n\t\t\t\t<div class=\"elementor-element elementor-element-0226ff4 e-flex e-con-boxed wpr-particle-no wpr-jarallax-no wpr-parallax-no wpr-sticky-section-no wpr-equal-height-no e-con e-parent\" data-id=\"0226ff4\" data-element_type=\"container\" data-e-type=\"container\">\n\t\t\t\t\t<div class=\"e-con-inner\">\n\t\t<div class=\"elementor-element elementor-element-90855ab e-con-full e-flex wpr-particle-no wpr-jarallax-no wpr-parallax-no wpr-sticky-section-no wpr-equal-height-no e-con e-child\" data-id=\"90855ab\" data-element_type=\"container\" data-e-type=\"container\">\n\t\t\t\t<div class=\"elementor-element elementor-element-81e820b elementor-widget__width-initial elementor-widget elementor-widget-image\" data-id=\"81e820b\" data-element_type=\"widget\" data-e-type=\"widget\" data-widget_type=\"image.default\">\n\t\t\t\t<div class=\"elementor-widget-container\">\n\t\t\t\t\t\t\t\t\t\t\t\t\t\t\t\t<a href=\"https:\/\/itp.edu.co\/ITP2022\">\n\t\t\t\t\t\t\t<img loading=\"lazy\" decoding=\"async\" width=\"300\" height=\"97\" src=\"https:\/\/i0.wp.com\/itp.edu.co\/ITP2022\/wp-content\/uploads\/2026\/03\/Logo-azul-PNG-01-scaled.png?fit=300%2C97&amp;ssl=1\" class=\"attachment-medium size-medium wp-image-16187\" alt=\"\" srcset=\"https:\/\/i0.wp.com\/itp.edu.co\/ITP2022\/wp-content\/uploads\/2026\/03\/Logo-azul-PNG-01-scaled.png?w=2560&amp;ssl=1 2560w, https:\/\/i0.wp.com\/itp.edu.co\/ITP2022\/wp-content\/uploads\/2026\/03\/Logo-azul-PNG-01-scaled.png?resize=300%2C97&amp;ssl=1 300w, https:\/\/i0.wp.com\/itp.edu.co\/ITP2022\/wp-content\/uploads\/2026\/03\/Logo-azul-PNG-01-scaled.png?resize=1024%2C330&amp;ssl=1 1024w, https:\/\/i0.wp.com\/itp.edu.co\/ITP2022\/wp-content\/uploads\/2026\/03\/Logo-azul-PNG-01-scaled.png?resize=768%2C248&amp;ssl=1 768w, https:\/\/i0.wp.com\/itp.edu.co\/ITP2022\/wp-content\/uploads\/2026\/03\/Logo-azul-PNG-01-scaled.png?resize=1536%2C496&amp;ssl=1 1536w, https:\/\/i0.wp.com\/itp.edu.co\/ITP2022\/wp-content\/uploads\/2026\/03\/Logo-azul-PNG-01-scaled.png?resize=2048%2C661&amp;ssl=1 2048w, https:\/\/i0.wp.com\/itp.edu.co\/ITP2022\/wp-content\/uploads\/2026\/03\/Logo-azul-PNG-01-scaled.png?w=2400&amp;ssl=1 2400w\" sizes=\"auto, (max-width: 300px) 100vw, 300px\" \/>\t\t\t\t\t\t\t\t<\/a>\n\t\t\t\t\t\t\t\t\t\t\t\t\t\t\t<\/div>\n\t\t\t\t<\/div>\n\t\t\t\t<\/div>\n\t\t<div class=\"elementor-element elementor-element-3291ffc e-con-full e-flex wpr-particle-no wpr-jarallax-no wpr-parallax-no wpr-sticky-section-no wpr-equal-height-no e-con e-child\" data-id=\"3291ffc\" data-element_type=\"container\" data-e-type=\"container\">\n\t\t\t\t<div class=\"elementor-element elementor-element-94d5513 elementor-widget__width-auto elementor-widget elementor-widget-button\" data-id=\"94d5513\" data-element_type=\"widget\" data-e-type=\"widget\" data-widget_type=\"button.default\">\n\t\t\t\t<div class=\"elementor-widget-container\">\n\t\t\t\t\t\t\t\t\t<div class=\"elementor-button-wrapper\">\n\t\t\t\t\t<a class=\"elementor-button elementor-button-link elementor-size-sm\" href=\"https:\/\/itp.edu.co\/ITP2022\/\">\n\t\t\t\t\t\t<span class=\"elementor-button-content-wrapper\">\n\t\t\t\t\t\t<span class=\"elementor-button-icon\">\n\t\t\t\t<i aria-hidden=\"true\" class=\"fas fa-home\"><\/i>\t\t\t<\/span>\n\t\t\t\t\t\t\t\t\t<span class=\"elementor-button-text\">Inicio<\/span>\n\t\t\t\t\t<\/span>\n\t\t\t\t\t<\/a>\n\t\t\t\t<\/div>\n\t\t\t\t\t\t\t\t<\/div>\n\t\t\t\t<\/div>\n\t\t\t\t<div class=\"elementor-element elementor-element-2a37e4e elementor-align-left elementor-widget__width-auto elementor-absolute elementor-widget elementor-widget-button\" data-id=\"2a37e4e\" data-element_type=\"widget\" data-e-type=\"widget\" data-settings=\"{&quot;_position&quot;:&quot;absolute&quot;}\" data-widget_type=\"button.default\">\n\t\t\t\t<div class=\"elementor-widget-container\">\n\t\t\t\t\t\t\t\t\t<div class=\"elementor-button-wrapper\">\n\t\t\t\t\t<a class=\"elementor-button elementor-button-link elementor-size-sm\" href=\"https:\/\/itp.edu.co\/ITP2022\/\">\n\t\t\t\t\t\t<span class=\"elementor-button-content-wrapper\">\n\t\t\t\t\t\t<span class=\"elementor-button-icon\">\n\t\t\t\t<i aria-hidden=\"true\" class=\"fas fa-graduation-cap\"><\/i>\t\t\t<\/span>\n\t\t\t\t\t\t\t\t\t<span class=\"elementor-button-text\">Pregrados<\/span>\n\t\t\t\t\t<\/span>\n\t\t\t\t\t<\/a>\n\t\t\t\t<\/div>\n\t\t\t\t\t\t\t\t<\/div>\n\t\t\t\t<\/div>\n\t\t\t\t<div class=\"elementor-element elementor-element-b047838 elementor-align-left elementor-widget__width-auto elementor-absolute elementor-widget elementor-widget-button\" data-id=\"b047838\" data-element_type=\"widget\" data-e-type=\"widget\" data-settings=\"{&quot;_position&quot;:&quot;absolute&quot;}\" data-widget_type=\"button.default\">\n\t\t\t\t<div class=\"elementor-widget-container\">\n\t\t\t\t\t\t\t\t\t<div class=\"elementor-button-wrapper\">\n\t\t\t\t\t<a class=\"elementor-button elementor-button-link elementor-size-sm\" href=\"https:\/\/sigedin.itp.edu.co\/sigedin\/inscripcion\/\">\n\t\t\t\t\t\t<span class=\"elementor-button-content-wrapper\">\n\t\t\t\t\t\t<span class=\"elementor-button-icon\">\n\t\t\t\t<i aria-hidden=\"true\" class=\"fas fa-book-reader\"><\/i>\t\t\t<\/span>\n\t\t\t\t\t\t\t\t\t<span class=\"elementor-button-text\">Inscr\u00edbete<\/span>\n\t\t\t\t\t<\/span>\n\t\t\t\t\t<\/a>\n\t\t\t\t<\/div>\n\t\t\t\t\t\t\t\t<\/div>\n\t\t\t\t<\/div>\n\t\t\t\t<\/div>\n\t\t\t\t\t<\/div>\n\t\t\t\t<\/div>\n\t\t<div class=\"elementor-element elementor-element-88bf8e7 e-flex e-con-boxed wpr-particle-no wpr-jarallax-no wpr-parallax-no wpr-sticky-section-no wpr-equal-height-no e-con e-parent\" data-id=\"88bf8e7\" data-element_type=\"container\" data-e-type=\"container\">\n\t\t\t\t\t<div class=\"e-con-inner\">\n\t\t\t\t<div class=\"elementor-element elementor-element-e1d44bd elementor-widget elementor-widget-image\" data-id=\"e1d44bd\" data-element_type=\"widget\" data-e-type=\"widget\" data-widget_type=\"image.default\">\n\t\t\t\t<div class=\"elementor-widget-container\">\n\t\t\t\t\t\t\t\t\t\t\t\t\t\t\t<img loading=\"lazy\" decoding=\"async\" width=\"1024\" height=\"3\" src=\"https:\/\/i0.wp.com\/itp.edu.co\/ITP2022\/wp-content\/uploads\/2016\/01\/linea3.png?fit=1024%2C3&amp;ssl=1\" class=\"attachment-large size-large wp-image-1301\" alt=\"\" srcset=\"https:\/\/i0.wp.com\/itp.edu.co\/ITP2022\/wp-content\/uploads\/2016\/01\/linea3.png?w=1500&amp;ssl=1 1500w, https:\/\/i0.wp.com\/itp.edu.co\/ITP2022\/wp-content\/uploads\/2016\/01\/linea3.png?resize=300%2C1&amp;ssl=1 300w, https:\/\/i0.wp.com\/itp.edu.co\/ITP2022\/wp-content\/uploads\/2016\/01\/linea3.png?resize=1024%2C3&amp;ssl=1 1024w, https:\/\/i0.wp.com\/itp.edu.co\/ITP2022\/wp-content\/uploads\/2016\/01\/linea3.png?resize=768%2C2&amp;ssl=1 768w, https:\/\/i0.wp.com\/itp.edu.co\/ITP2022\/wp-content\/uploads\/2016\/01\/linea3.png?resize=1140%2C3&amp;ssl=1 1140w\" sizes=\"auto, (max-width: 1024px) 100vw, 1024px\" \/>\t\t\t\t\t\t\t\t\t\t\t\t\t\t\t<\/div>\n\t\t\t\t<\/div>\n\t\t\t\t\t<\/div>\n\t\t\t\t<\/div>\n\t\t<div class=\"elementor-element elementor-element-ec33f56 e-flex e-con-boxed wpr-particle-no wpr-jarallax-no wpr-parallax-no wpr-sticky-section-no wpr-equal-height-no e-con e-parent\" data-id=\"ec33f56\" data-element_type=\"container\" data-e-type=\"container\">\n\t\t\t\t\t<div class=\"e-con-inner\">\n\t\t<div class=\"elementor-element elementor-element-79e7568 e-con-full e-flex wpr-particle-no wpr-jarallax-no wpr-parallax-no wpr-sticky-section-no wpr-equal-height-no e-con e-child\" data-id=\"79e7568\" data-element_type=\"container\" data-e-type=\"container\">\n\t\t\t\t<div class=\"elementor-element elementor-element-c1867dd elementor-widget elementor-widget-heading\" data-id=\"c1867dd\" data-element_type=\"widget\" data-e-type=\"widget\" data-widget_type=\"heading.default\">\n\t\t\t\t<div class=\"elementor-widget-container\">\n\t\t\t\t\t<h2 class=\"elementor-heading-title elementor-size-default\">Especializaci\u00f3n en Gerencia del Talento Humano<\/h2>\t\t\t\t<\/div>\n\t\t\t\t<\/div>\n\t\t\t\t<\/div>\n\t\t\t\t\t<\/div>\n\t\t\t\t<\/div>\n\t\t<div class=\"elementor-element elementor-element-185b1d2 e-flex e-con-boxed wpr-particle-no wpr-jarallax-no wpr-parallax-no wpr-sticky-section-no wpr-equal-height-no e-con e-parent\" data-id=\"185b1d2\" data-element_type=\"container\" data-e-type=\"container\">\n\t\t\t\t\t<div class=\"e-con-inner\">\n\t\t\t\t<div class=\"elementor-element elementor-element-233efc8 elementor-position-left elementor-vertical-align-top elementor-widget elementor-widget-image-box\" data-id=\"233efc8\" data-element_type=\"widget\" data-e-type=\"widget\" data-widget_type=\"image-box.default\">\n\t\t\t\t<div class=\"elementor-widget-container\">\n\t\t\t\t\t<div class=\"elementor-image-box-wrapper\"><figure class=\"elementor-image-box-img\"><a href=\"https:\/\/itp.edu.co\/ITP2022\/?page_id=14021\" target=\"_blank\" tabindex=\"-1\"><img loading=\"lazy\" decoding=\"async\" width=\"1366\" height=\"452\" src=\"https:\/\/i0.wp.com\/itp.edu.co\/ITP2022\/wp-content\/uploads\/2025\/12\/ESPECIALIZACION.webp?fit=1366%2C452&amp;ssl=1\" class=\"attachment-full size-full wp-image-15279\" alt=\"\" srcset=\"https:\/\/i0.wp.com\/itp.edu.co\/ITP2022\/wp-content\/uploads\/2025\/12\/ESPECIALIZACION.webp?w=1366&amp;ssl=1 1366w, https:\/\/i0.wp.com\/itp.edu.co\/ITP2022\/wp-content\/uploads\/2025\/12\/ESPECIALIZACION.webp?resize=300%2C99&amp;ssl=1 300w, https:\/\/i0.wp.com\/itp.edu.co\/ITP2022\/wp-content\/uploads\/2025\/12\/ESPECIALIZACION.webp?resize=1024%2C339&amp;ssl=1 1024w, https:\/\/i0.wp.com\/itp.edu.co\/ITP2022\/wp-content\/uploads\/2025\/12\/ESPECIALIZACION.webp?resize=768%2C254&amp;ssl=1 768w\" sizes=\"auto, (max-width: 1200px) 100vw, 1200px\" \/><\/a><\/figure><div class=\"elementor-image-box-content\"><h3 class=\"elementor-image-box-title\"><a href=\"https:\/\/itp.edu.co\/ITP2022\/?page_id=14021\" target=\"_blank\">Especializaci\u00f3n en Gerencia del Talento Humano<\/a><\/h3><p class=\"elementor-image-box-description\">C\u00f3digo del SNIES 117908\nUbicaci\u00f3n: Mocoa - Putumayo\nResoluci\u00f3n de Aprobaci\u00f3n MEN No. 006395 del 31 de marzo de 2025<\/p><\/div><\/div>\t\t\t\t<\/div>\n\t\t\t\t<\/div>\n\t\t\t\t<div class=\"elementor-element elementor-element-8cd4842 elementor-widget elementor-widget-heading\" data-id=\"8cd4842\" data-element_type=\"widget\" data-e-type=\"widget\" data-widget_type=\"heading.default\">\n\t\t\t\t<div class=\"elementor-widget-container\">\n\t\t\t\t\t<h2 class=\"elementor-heading-title elementor-size-default\">Especializaci\u00f3n en Gesti\u00f3n Ambiental<\/h2>\t\t\t\t<\/div>\n\t\t\t\t<\/div>\n\t\t\t\t<div class=\"elementor-element elementor-element-ab9b544 elementor-position-left elementor-vertical-align-top elementor-widget elementor-widget-image-box\" data-id=\"ab9b544\" data-element_type=\"widget\" data-e-type=\"widget\" data-widget_type=\"image-box.default\">\n\t\t\t\t<div class=\"elementor-widget-container\">\n\t\t\t\t\t<div class=\"elementor-image-box-wrapper\"><figure class=\"elementor-image-box-img\"><a href=\"https:\/\/itp.edu.co\/ITP2022\/?page_id=16116\" target=\"_blank\" tabindex=\"-1\"><img loading=\"lazy\" decoding=\"async\" width=\"1366\" height=\"452\" src=\"https:\/\/i0.wp.com\/itp.edu.co\/ITP2022\/wp-content\/uploads\/2026\/03\/EspecializacionGestionAmbiental.webp?fit=1366%2C452&amp;ssl=1\" class=\"attachment-full size-full wp-image-16120\" alt=\"\" srcset=\"https:\/\/i0.wp.com\/itp.edu.co\/ITP2022\/wp-content\/uploads\/2026\/03\/EspecializacionGestionAmbiental.webp?w=1366&amp;ssl=1 1366w, https:\/\/i0.wp.com\/itp.edu.co\/ITP2022\/wp-content\/uploads\/2026\/03\/EspecializacionGestionAmbiental.webp?resize=300%2C99&amp;ssl=1 300w, https:\/\/i0.wp.com\/itp.edu.co\/ITP2022\/wp-content\/uploads\/2026\/03\/EspecializacionGestionAmbiental.webp?resize=1024%2C339&amp;ssl=1 1024w, https:\/\/i0.wp.com\/itp.edu.co\/ITP2022\/wp-content\/uploads\/2026\/03\/EspecializacionGestionAmbiental.webp?resize=768%2C254&amp;ssl=1 768w\" sizes=\"auto, (max-width: 1200px) 100vw, 1200px\" \/><\/a><\/figure><div class=\"elementor-image-box-content\"><h3 class=\"elementor-image-box-title\"><a href=\"https:\/\/itp.edu.co\/ITP2022\/?page_id=16116\" target=\"_blank\">Especializaci\u00f3n en Gesti\u00f3n Ambiental<\/a><\/h3><p class=\"elementor-image-box-description\">C\u00f3digo del SNIES 118452\nUbicaci\u00f3n: Mocoa - Putumayo\nResoluci\u00f3n de Aprobaci\u00f3n MEN No. 024761 del 19 de diciembre de 2025<\/p><\/div><\/div>\t\t\t\t<\/div>\n\t\t\t\t<\/div>\n\t\t\t\t\t<\/div>\n\t\t\t\t<\/div>\n\t\t\t\t<\/div>\n\t\t","protected":false},"excerpt":{"rendered":"<p>Inicio Pregrados Inscr\u00edbete Especializaci\u00f3n en Gerencia del Talento Humano Especializaci\u00f3n en Gerencia del Talento Humano C\u00f3digo del SNIES 117908 Ubicaci\u00f3n: Mocoa &#8211; Putumayo Resoluci\u00f3n de Aprobaci\u00f3n MEN No. 006395 del 31 de marzo de 2025 Especializaci\u00f3n en Gesti\u00f3n Ambiental Especializaci\u00f3n en Gesti\u00f3n Ambiental C\u00f3digo del SNIES 118452 Ubicaci\u00f3n: Mocoa &#8211; Putumayo Resoluci\u00f3n de Aprobaci\u00f3n MEN No. 024761 del 19 de diciembre de 2025<\/p>\n","protected":false},"author":1,"featured_media":0,"parent":0,"menu_order":0,"comment_status":"closed","ping_status":"closed","template":"","meta":{"_uag_custom_page_level_css":"","neve_meta_sidebar":"","neve_meta_container":"","neve_meta_enable_content_width":"","neve_meta_content_width":0,"neve_meta_title_alignment":"","neve_meta_author_avatar":"","neve_post_elements_order":"","neve_meta_disable_header":"","neve_meta_disable_footer":"","neve_meta_disable_title":"","footnotes":""},"class_list":["post-14004","page","type-page","status-publish","hentry"],"yoast_head":"<!-- This site is optimized with the Yoast SEO plugin v27.5 - https:\/\/yoast.com\/product\/yoast-seo-wordpress\/ -->\n<title>Posgrados - UNIPUTUMAYO<\/title>\n<meta name=\"robots\" content=\"index, follow, max-snippet:-1, max-image-preview:large, max-video-preview:-1\" \/>\n<link rel=\"canonical\" href=\"https:\/\/itp.edu.co\/ITP2022\/?page_id=14004\" \/>\n<meta property=\"og:locale\" content=\"es_ES\" \/>\n<meta property=\"og:type\" content=\"article\" \/>\n<meta property=\"og:title\" content=\"Posgrados - UNIPUTUMAYO\" \/>\n<meta property=\"og:description\" content=\"Inicio Pregrados Inscr\u00edbete Especializaci\u00f3n en Gerencia del Talento Humano Especializaci\u00f3n en Gerencia del Talento Humano C\u00f3digo del SNIES 117908 Ubicaci\u00f3n: Mocoa &#8211; Putumayo Resoluci\u00f3n de Aprobaci\u00f3n MEN No. 006395 del 31 de marzo de 2025 Especializaci\u00f3n en Gesti\u00f3n Ambiental Especializaci\u00f3n en Gesti\u00f3n Ambiental C\u00f3digo del SNIES 118452 Ubicaci\u00f3n: Mocoa &#8211; Putumayo Resoluci\u00f3n de Aprobaci\u00f3n MEN No. 024761 del 19 de diciembre de 2025\" \/>\n<meta property=\"og:url\" content=\"https:\/\/itp.edu.co\/ITP2022\/?page_id=14004\" \/>\n<meta property=\"og:site_name\" content=\"UNIPUTUMAYO\" \/>\n<meta property=\"article:publisher\" content=\"https:\/\/www.facebook.com\/OficialITP\/?locale=es_LA\" \/>\n<meta property=\"article:modified_time\" content=\"2026-03-13T15:44:50+00:00\" \/>\n<meta property=\"og:image\" content=\"https:\/\/itp.edu.co\/ITP2022\/wp-content\/uploads\/2026\/03\/Logo-azul-PNG-01-300x97.png\" \/>\n<meta name=\"twitter:card\" content=\"summary_large_image\" \/>\n<meta name=\"twitter:site\" content=\"@ITPOficial\" \/>\n<script type=\"application\/ld+json\" class=\"yoast-schema-graph\">{\"@context\":\"https:\\\/\\\/schema.org\",\"@graph\":[{\"@type\":\"WebPage\",\"@id\":\"https:\\\/\\\/itp.edu.co\\\/ITP2022\\\/?page_id=14004\",\"url\":\"https:\\\/\\\/itp.edu.co\\\/ITP2022\\\/?page_id=14004\",\"name\":\"Posgrados - UNIPUTUMAYO\",\"isPartOf\":{\"@id\":\"https:\\\/\\\/itp.edu.co\\\/ITP2022\\\/#website\"},\"primaryImageOfPage\":{\"@id\":\"https:\\\/\\\/itp.edu.co\\\/ITP2022\\\/?page_id=14004#primaryimage\"},\"image\":{\"@id\":\"https:\\\/\\\/itp.edu.co\\\/ITP2022\\\/?page_id=14004#primaryimage\"},\"thumbnailUrl\":\"https:\\\/\\\/itp.edu.co\\\/ITP2022\\\/wp-content\\\/uploads\\\/2026\\\/03\\\/Logo-azul-PNG-01-300x97.png\",\"datePublished\":\"2025-07-16T23:05:36+00:00\",\"dateModified\":\"2026-03-13T15:44:50+00:00\",\"breadcrumb\":{\"@id\":\"https:\\\/\\\/itp.edu.co\\\/ITP2022\\\/?page_id=14004#breadcrumb\"},\"inLanguage\":\"es-CO\",\"potentialAction\":[{\"@type\":\"ReadAction\",\"target\":[\"https:\\\/\\\/itp.edu.co\\\/ITP2022\\\/?page_id=14004\"]}]},{\"@type\":\"ImageObject\",\"inLanguage\":\"es-CO\",\"@id\":\"https:\\\/\\\/itp.edu.co\\\/ITP2022\\\/?page_id=14004#primaryimage\",\"url\":\"https:\\\/\\\/i0.wp.com\\\/itp.edu.co\\\/ITP2022\\\/wp-content\\\/uploads\\\/2026\\\/03\\\/Logo-azul-PNG-01-scaled.png?fit=2560%2C826&ssl=1\",\"contentUrl\":\"https:\\\/\\\/i0.wp.com\\\/itp.edu.co\\\/ITP2022\\\/wp-content\\\/uploads\\\/2026\\\/03\\\/Logo-azul-PNG-01-scaled.png?fit=2560%2C826&ssl=1\",\"width\":2560,\"height\":826},{\"@type\":\"BreadcrumbList\",\"@id\":\"https:\\\/\\\/itp.edu.co\\\/ITP2022\\\/?page_id=14004#breadcrumb\",\"itemListElement\":[{\"@type\":\"ListItem\",\"position\":1,\"name\":\"Inicio\",\"item\":\"https:\\\/\\\/itp.edu.co\\\/ITP2022\\\/\"},{\"@type\":\"ListItem\",\"position\":2,\"name\":\"Posgrados\"}]},{\"@type\":\"WebSite\",\"@id\":\"https:\\\/\\\/itp.edu.co\\\/ITP2022\\\/#website\",\"url\":\"https:\\\/\\\/itp.edu.co\\\/ITP2022\\\/\",\"name\":\"UNIPUTUMAYO\",\"description\":\"\",\"publisher\":{\"@id\":\"https:\\\/\\\/itp.edu.co\\\/ITP2022\\\/#organization\"},\"potentialAction\":[{\"@type\":\"SearchAction\",\"target\":{\"@type\":\"EntryPoint\",\"urlTemplate\":\"https:\\\/\\\/itp.edu.co\\\/ITP2022\\\/?s={search_term_string}\"},\"query-input\":{\"@type\":\"PropertyValueSpecification\",\"valueRequired\":true,\"valueName\":\"search_term_string\"}}],\"inLanguage\":\"es-CO\"},{\"@type\":\"Organization\",\"@id\":\"https:\\\/\\\/itp.edu.co\\\/ITP2022\\\/#organization\",\"name\":\"UNIPUTUMAYO\",\"url\":\"https:\\\/\\\/itp.edu.co\\\/ITP2022\\\/\",\"logo\":{\"@type\":\"ImageObject\",\"inLanguage\":\"es-CO\",\"@id\":\"https:\\\/\\\/itp.edu.co\\\/ITP2022\\\/#\\\/schema\\\/logo\\\/image\\\/\",\"url\":\"https:\\\/\\\/i0.wp.com\\\/itp.edu.co\\\/ITP2022\\\/wp-content\\\/uploads\\\/2025\\\/11\\\/Logo-azul-PNG-01-scaled.webp?fit=1920%2C620&ssl=1\",\"contentUrl\":\"https:\\\/\\\/i0.wp.com\\\/itp.edu.co\\\/ITP2022\\\/wp-content\\\/uploads\\\/2025\\\/11\\\/Logo-azul-PNG-01-scaled.webp?fit=1920%2C620&ssl=1\",\"width\":1920,\"height\":620,\"caption\":\"UNIPUTUMAYO\"},\"image\":{\"@id\":\"https:\\\/\\\/itp.edu.co\\\/ITP2022\\\/#\\\/schema\\\/logo\\\/image\\\/\"},\"sameAs\":[\"https:\\\/\\\/www.facebook.com\\\/OficialITP\\\/?locale=es_LA\",\"https:\\\/\\\/x.com\\\/ITPOficial\"]}]}<\/script>\n<!-- \/ Yoast SEO plugin. -->","yoast_head_json":{"title":"Posgrados - UNIPUTUMAYO","robots":{"index":"index","follow":"follow","max-snippet":"max-snippet:-1","max-image-preview":"max-image-preview:large","max-video-preview":"max-video-preview:-1"},"canonical":"https:\/\/itp.edu.co\/ITP2022\/?page_id=14004","og_locale":"es_ES","og_type":"article","og_title":"Posgrados - UNIPUTUMAYO","og_description":"Inicio Pregrados Inscr\u00edbete Especializaci\u00f3n en Gerencia del Talento Humano Especializaci\u00f3n en Gerencia del Talento Humano C\u00f3digo del SNIES 117908 Ubicaci\u00f3n: Mocoa &#8211; Putumayo Resoluci\u00f3n de Aprobaci\u00f3n MEN No. 006395 del 31 de marzo de 2025 Especializaci\u00f3n en Gesti\u00f3n Ambiental Especializaci\u00f3n en Gesti\u00f3n Ambiental C\u00f3digo del SNIES 118452 Ubicaci\u00f3n: Mocoa &#8211; Putumayo Resoluci\u00f3n de Aprobaci\u00f3n MEN No. 024761 del 19 de diciembre de 2025","og_url":"https:\/\/itp.edu.co\/ITP2022\/?page_id=14004","og_site_name":"UNIPUTUMAYO","article_publisher":"https:\/\/www.facebook.com\/OficialITP\/?locale=es_LA","article_modified_time":"2026-03-13T15:44:50+00:00","og_image":[{"url":"https:\/\/itp.edu.co\/ITP2022\/wp-content\/uploads\/2026\/03\/Logo-azul-PNG-01-300x97.png","type":"","width":"","height":""}],"twitter_card":"summary_large_image","twitter_site":"@ITPOficial","schema":{"@context":"https:\/\/schema.org","@graph":[{"@type":"WebPage","@id":"https:\/\/itp.edu.co\/ITP2022\/?page_id=14004","url":"https:\/\/itp.edu.co\/ITP2022\/?page_id=14004","name":"Posgrados - UNIPUTUMAYO","isPartOf":{"@id":"https:\/\/itp.edu.co\/ITP2022\/#website"},"primaryImageOfPage":{"@id":"https:\/\/itp.edu.co\/ITP2022\/?page_id=14004#primaryimage"},"image":{"@id":"https:\/\/itp.edu.co\/ITP2022\/?page_id=14004#primaryimage"},"thumbnailUrl":"https:\/\/itp.edu.co\/ITP2022\/wp-content\/uploads\/2026\/03\/Logo-azul-PNG-01-300x97.png","datePublished":"2025-07-16T23:05:36+00:00","dateModified":"2026-03-13T15:44:50+00:00","breadcrumb":{"@id":"https:\/\/itp.edu.co\/ITP2022\/?page_id=14004#breadcrumb"},"inLanguage":"es-CO","potentialAction":[{"@type":"ReadAction","target":["https:\/\/itp.edu.co\/ITP2022\/?page_id=14004"]}]},{"@type":"ImageObject","inLanguage":"es-CO","@id":"https:\/\/itp.edu.co\/ITP2022\/?page_id=14004#primaryimage","url":"https:\/\/i0.wp.com\/itp.edu.co\/ITP2022\/wp-content\/uploads\/2026\/03\/Logo-azul-PNG-01-scaled.png?fit=2560%2C826&ssl=1","contentUrl":"https:\/\/i0.wp.com\/itp.edu.co\/ITP2022\/wp-content\/uploads\/2026\/03\/Logo-azul-PNG-01-scaled.png?fit=2560%2C826&ssl=1","width":2560,"height":826},{"@type":"BreadcrumbList","@id":"https:\/\/itp.edu.co\/ITP2022\/?page_id=14004#breadcrumb","itemListElement":[{"@type":"ListItem","position":1,"name":"Inicio","item":"https:\/\/itp.edu.co\/ITP2022\/"},{"@type":"ListItem","position":2,"name":"Posgrados"}]},{"@type":"WebSite","@id":"https:\/\/itp.edu.co\/ITP2022\/#website","url":"https:\/\/itp.edu.co\/ITP2022\/","name":"UNIPUTUMAYO","description":"","publisher":{"@id":"https:\/\/itp.edu.co\/ITP2022\/#organization"},"potentialAction":[{"@type":"SearchAction","target":{"@type":"EntryPoint","urlTemplate":"https:\/\/itp.edu.co\/ITP2022\/?s={search_term_string}"},"query-input":{"@type":"PropertyValueSpecification","valueRequired":true,"valueName":"search_term_string"}}],"inLanguage":"es-CO"},{"@type":"Organization","@id":"https:\/\/itp.edu.co\/ITP2022\/#organization","name":"UNIPUTUMAYO","url":"https:\/\/itp.edu.co\/ITP2022\/","logo":{"@type":"ImageObject","inLanguage":"es-CO","@id":"https:\/\/itp.edu.co\/ITP2022\/#\/schema\/logo\/image\/","url":"https:\/\/i0.wp.com\/itp.edu.co\/ITP2022\/wp-content\/uploads\/2025\/11\/Logo-azul-PNG-01-scaled.webp?fit=1920%2C620&ssl=1","contentUrl":"https:\/\/i0.wp.com\/itp.edu.co\/ITP2022\/wp-content\/uploads\/2025\/11\/Logo-azul-PNG-01-scaled.webp?fit=1920%2C620&ssl=1","width":1920,"height":620,"caption":"UNIPUTUMAYO"},"image":{"@id":"https:\/\/itp.edu.co\/ITP2022\/#\/schema\/logo\/image\/"},"sameAs":["https:\/\/www.facebook.com\/OficialITP\/?locale=es_LA","https:\/\/x.com\/ITPOficial"]}]}},"uagb_featured_image_src":{"full":false,"thumbnail":false,"medium":false,"medium_large":false,"large":false,"1536x1536":false,"2048x2048":false,"smart-post-landscape":false,"smart-post-portrait":false,"neve-blog":false,"psacp-medium":false},"uagb_author_info":{"display_name":"administrador","author_link":"https:\/\/itp.edu.co\/ITP2022\/author\/administrador"},"uagb_comment_info":0,"uagb_excerpt":"Inicio Pregrados Inscr\u00edbete Especializaci\u00f3n en Gerencia del Talento Humano Especializaci\u00f3n en Gerencia del Talento Humano C\u00f3digo del SNIES 117908 Ubicaci\u00f3n: Mocoa &#8211; Putumayo Resoluci\u00f3n de Aprobaci\u00f3n MEN No. 006395 del 31 de marzo de 2025 Especializaci\u00f3n en Gesti\u00f3n Ambiental Especializaci\u00f3n en Gesti\u00f3n Ambiental C\u00f3digo del SNIES 118452 Ubicaci\u00f3n: Mocoa &#8211; Putumayo Resoluci\u00f3n de Aprobaci\u00f3n MEN&hellip;","jetpack-related-posts":[],"jetpack_sharing_enabled":true,"rttpg_featured_image_url":null,"rttpg_author":{"display_name":"administrador","author_link":"https:\/\/itp.edu.co\/ITP2022\/author\/administrador"},"rttpg_comment":0,"rttpg_category":null,"rttpg_excerpt":"Inicio Pregrados Inscr\u00edbete Especializaci\u00f3n en Gerencia del Talento Humano Especializaci\u00f3n en Gerencia del Talento Humano C\u00f3digo del SNIES 117908 Ubicaci\u00f3n: Mocoa &#8211; Putumayo Resoluci\u00f3n de Aprobaci\u00f3n MEN No. 006395 del 31 de marzo de 2025 Especializaci\u00f3n en Gesti\u00f3n Ambiental Especializaci\u00f3n en Gesti\u00f3n Ambiental C\u00f3digo del SNIES 118452 Ubicaci\u00f3n: Mocoa &#8211; Putumayo Resoluci\u00f3n de Aprobaci\u00f3n MEN&hellip;","_links":{"self":[{"href":"https:\/\/itp.edu.co\/ITP2022\/index.php?rest_route=\/wp\/v2\/pages\/14004","targetHints":{"allow":["GET"]}}],"collection":[{"href":"https:\/\/itp.edu.co\/ITP2022\/index.php?rest_route=\/wp\/v2\/pages"}],"about":[{"href":"https:\/\/itp.edu.co\/ITP2022\/index.php?rest_route=\/wp\/v2\/types\/page"}],"author":[{"embeddable":true,"href":"https:\/\/itp.edu.co\/ITP2022\/index.php?rest_route=\/wp\/v2\/users\/1"}],"replies":[{"embeddable":true,"href":"https:\/\/itp.edu.co\/ITP2022\/index.php?rest_route=%2Fwp%2Fv2%2Fcomments&post=14004"}],"version-history":[{"count":63,"href":"https:\/\/itp.edu.co\/ITP2022\/index.php?rest_route=\/wp\/v2\/pages\/14004\/revisions"}],"predecessor-version":[{"id":16193,"href":"https:\/\/itp.edu.co\/ITP2022\/index.php?rest_route=\/wp\/v2\/pages\/14004\/revisions\/16193"}],"wp:attachment":[{"href":"https:\/\/itp.edu.co\/ITP2022\/index.php?rest_route=%2Fwp%2Fv2%2Fmedia&parent=14004"}],"curies":[{"name":"wp","href":"https:\/\/api.w.org\/{rel}","templated":true}]}}