{"id":10905,"date":"2024-09-19T11:05:09","date_gmt":"2024-09-19T16:05:09","guid":{"rendered":"https:\/\/itp.edu.co\/ITP2022\/?page_id=10905"},"modified":"2025-07-31T16:07:34","modified_gmt":"2025-07-31T21:07:34","slug":"leyes-decretos-y-otros","status":"publish","type":"page","link":"https:\/\/itp.edu.co\/ITP2022\/?page_id=10905","title":{"rendered":"Leyes, Decretos y Otros"},"content":{"rendered":"\t\t<div data-elementor-type=\"wp-page\" data-elementor-id=\"10905\" class=\"elementor elementor-10905\">\n\t\t\t\t<div class=\"elementor-element elementor-element-fca4e04 e-flex e-con-boxed wpr-particle-no wpr-jarallax-no wpr-parallax-no wpr-sticky-section-no wpr-equal-height-no e-con e-parent\" data-id=\"fca4e04\" data-element_type=\"container\" data-e-type=\"container\">\n\t\t\t\t\t<div class=\"e-con-inner\">\n\t\t\t\t<div class=\"elementor-element elementor-element-21b0d84 elementor-widget elementor-widget-image\" data-id=\"21b0d84\" data-element_type=\"widget\" data-e-type=\"widget\" data-widget_type=\"image.default\">\n\t\t\t\t<div class=\"elementor-widget-container\">\n\t\t\t\t\t\t\t\t\t\t\t\t\t\t\t<img loading=\"lazy\" decoding=\"async\" width=\"200\" height=\"50\" src=\"https:\/\/i0.wp.com\/itp.edu.co\/ITP2022\/wp-content\/uploads\/2025\/07\/cropped-Logo-azul-PNG-01-scaled-1.png?fit=200%2C50&amp;ssl=1\" class=\"attachment-large size-large wp-image-14359\" alt=\"\" \/>\t\t\t\t\t\t\t\t\t\t\t\t\t\t\t<\/div>\n\t\t\t\t<\/div>\n\t\t\t\t\t<\/div>\n\t\t\t\t<\/div>\n\t\t<div class=\"elementor-element elementor-element-760d300c e-flex e-con-boxed wpr-particle-no wpr-jarallax-no wpr-parallax-no wpr-sticky-section-no wpr-equal-height-no e-con e-parent\" data-id=\"760d300c\" data-element_type=\"container\" data-e-type=\"container\">\n\t\t\t\t\t<div class=\"e-con-inner\">\n\t\t\t\t<div class=\"elementor-element elementor-element-4ad7cb48 elementor-widget elementor-widget-text-editor\" data-id=\"4ad7cb48\" data-element_type=\"widget\" data-e-type=\"widget\" data-widget_type=\"text-editor.default\">\n\t\t\t\t<div class=\"elementor-widget-container\">\n\t\t\t\t\t\t\t\t\t\n<hr class=\"wp-block-separator has-alpha-channel-opacity\"\/>\n\n\n\n<p><\/p>\n\t\t\t\t\t\t\t\t<\/div>\n\t\t\t\t<\/div>\n\t\t\t\t\t<\/div>\n\t\t\t\t<\/div>\n\t\t<div class=\"elementor-element elementor-element-c18246e e-flex e-con-boxed wpr-particle-no wpr-jarallax-no wpr-parallax-no wpr-sticky-section-no wpr-equal-height-no e-con e-parent\" data-id=\"c18246e\" data-element_type=\"container\" data-e-type=\"container\">\n\t\t\t\t\t<div class=\"e-con-inner\">\n\t\t\t\t<div class=\"elementor-element elementor-element-e2ad56a elementor-icon-list--layout-traditional elementor-list-item-link-full_width elementor-widget elementor-widget-icon-list\" data-id=\"e2ad56a\" data-element_type=\"widget\" data-e-type=\"widget\" data-widget_type=\"icon-list.default\">\n\t\t\t\t<div class=\"elementor-widget-container\">\n\t\t\t\t\t\t\t<ul class=\"elementor-icon-list-items\">\n\t\t\t\t\t\t\t<li class=\"elementor-icon-list-item\">\n\t\t\t\t\t\t\t\t\t\t\t<a href=\"https:\/\/www.itp.edu.co\/web2016\/phocadownload\/LeyesDecretosOrdenanzas\/Decreto%200615%20de%20Abril%205%20de%202002%20-%20Establece%20la%20Estructura%20del%20ITP.pdf\" target=\"_blank\">\n\n\t\t\t\t\t\t\t\t\t\t\t\t<span class=\"elementor-icon-list-icon\">\n\t\t\t\t\t\t\t<i aria-hidden=\"true\" class=\"fas fa-check\"><\/i>\t\t\t\t\t\t<\/span>\n\t\t\t\t\t\t\t\t\t\t<span class=\"elementor-icon-list-text\">Decreto 0615 de Abril 5 de 2002 por el cual se establece la Estructura del Instituto Tecnol\u00f3gico del Putumayo y se dictan otras disposiciones.<\/span>\n\t\t\t\t\t\t\t\t\t\t\t<\/a>\n\t\t\t\t\t\t\t\t\t<\/li>\n\t\t\t\t\t\t\t\t<li class=\"elementor-icon-list-item\">\n\t\t\t\t\t\t\t\t\t\t\t<a href=\"https:\/\/www.itp.edu.co\/web2016\/phocadownload\/LeyesDecretosOrdenanzas\/Decreto%200616%20de%20Abril%205%20de%202002%20-%20Planta%20Docente.pdf\" target=\"_blank\">\n\n\t\t\t\t\t\t\t\t\t\t\t\t<span class=\"elementor-icon-list-icon\">\n\t\t\t\t\t\t\t<i aria-hidden=\"true\" class=\"fas fa-check\"><\/i>\t\t\t\t\t\t<\/span>\n\t\t\t\t\t\t\t\t\t\t<span class=\"elementor-icon-list-text\">Decreto 0616 de Abril 5 de 2002 por el cual se establece la planta de personal docente del Instituto Tecnol\u00f3gico del Putumayo<\/span>\n\t\t\t\t\t\t\t\t\t\t\t<\/a>\n\t\t\t\t\t\t\t\t\t<\/li>\n\t\t\t\t\t\t\t\t<li class=\"elementor-icon-list-item\">\n\t\t\t\t\t\t\t\t\t\t\t<a href=\"https:\/\/www.itp.edu.co\/web2016\/phocadownload\/LeyesDecretosOrdenanzas\/Decreto%20846%20del%205%20de%20Abril%20de%202003%20Planta%20Admon%20MEN.pdf\" target=\"_blank\">\n\n\t\t\t\t\t\t\t\t\t\t\t\t<span class=\"elementor-icon-list-icon\">\n\t\t\t\t\t\t\t<i aria-hidden=\"true\" class=\"fas fa-check\"><\/i>\t\t\t\t\t\t<\/span>\n\t\t\t\t\t\t\t\t\t\t<span class=\"elementor-icon-list-text\">Decreto 846 de abril 4 de 2003 por la cual se establece la Planta de Personal Administrativo del Instituto Tecnol\u00f3gico del Putumayo.<\/span>\n\t\t\t\t\t\t\t\t\t\t\t<\/a>\n\t\t\t\t\t\t\t\t\t<\/li>\n\t\t\t\t\t\t\t\t<li class=\"elementor-icon-list-item\">\n\t\t\t\t\t\t\t\t\t\t\t<a href=\"https:\/\/www.itp.edu.co\/web2016\/phocadownload\/LeyesDecretosOrdenanzas\/Decreto%201052%20de%206%20de%20abril%20de%202006.pdf\" target=\"_blank\">\n\n\t\t\t\t\t\t\t\t\t\t\t\t<span class=\"elementor-icon-list-icon\">\n\t\t\t\t\t\t\t<i aria-hidden=\"true\" class=\"fas fa-check\"><\/i>\t\t\t\t\t\t<\/span>\n\t\t\t\t\t\t\t\t\t\t<span class=\"elementor-icon-list-text\">Decreto 1052 de abril 6 de 2006  \u201cPor el cual se reglamenta el art\u00c3culo 20 de la Ley 790 de 2002.\u201d<\/span>\n\t\t\t\t\t\t\t\t\t\t\t<\/a>\n\t\t\t\t\t\t\t\t\t<\/li>\n\t\t\t\t\t\t\t\t<li class=\"elementor-icon-list-item\">\n\t\t\t\t\t\t\t\t\t\t\t<a href=\"https:\/\/www.itp.edu.co\/web2016\/phocadownload\/LeyesDecretosOrdenanzas\/Ley%2065%20de%201989%20-%20Creacion%20del%20Instituto%20Tecnologico%20del%20Putumayo.pdf\" target=\"_blank\">\n\n\t\t\t\t\t\t\t\t\t\t\t\t<span class=\"elementor-icon-list-icon\">\n\t\t\t\t\t\t\t<i aria-hidden=\"true\" class=\"fas fa-check\"><\/i>\t\t\t\t\t\t<\/span>\n\t\t\t\t\t\t\t\t\t\t<span class=\"elementor-icon-list-text\">LEY 65 DE 1989 (diciembre 11) Por la cual se crea el Instituto Tecnol\u00f3gico del Putumayo<\/span>\n\t\t\t\t\t\t\t\t\t\t\t<\/a>\n\t\t\t\t\t\t\t\t\t<\/li>\n\t\t\t\t\t\t\t\t<li class=\"elementor-icon-list-item\">\n\t\t\t\t\t\t\t\t\t\t\t<a href=\"https:\/\/www.itp.edu.co\/web2016\/phocadownload\/LeyesDecretosOrdenanzas\/Ley%20790%20de%20diciembre%2027%20de%202002.pdf\" target=\"_blank\">\n\n\t\t\t\t\t\t\t\t\t\t\t\t<span class=\"elementor-icon-list-icon\">\n\t\t\t\t\t\t\t<i aria-hidden=\"true\" class=\"fas fa-check\"><\/i>\t\t\t\t\t\t<\/span>\n\t\t\t\t\t\t\t\t\t\t<span class=\"elementor-icon-list-text\">Ley 790 de 2002  \"Por la cual se expiden disposiciones para adelantar el programa de renovaci\u00c3\u00b3n de la administraci\u00c3\u00b3n p\u00c3\u00bablica y se otorgan unas facultades Extraordinarias al Presidente de la Rep\u00c3\u00bablica\".<\/span>\n\t\t\t\t\t\t\t\t\t\t\t<\/a>\n\t\t\t\t\t\t\t\t\t<\/li>\n\t\t\t\t\t\t\t\t<li class=\"elementor-icon-list-item\">\n\t\t\t\t\t\t\t\t\t\t\t<a href=\"https:\/\/www.itp.edu.co\/web2016\/phocadownload\/LeyesDecretosOrdenanzas\/Ordenanza%20Nro.%20471%20de%20Mayo%2019%20de%202006_opt.pdf\" target=\"_blank\">\n\n\t\t\t\t\t\t\t\t\t\t\t\t<span class=\"elementor-icon-list-icon\">\n\t\t\t\t\t\t\t<i aria-hidden=\"true\" class=\"fas fa-check\"><\/i>\t\t\t\t\t\t<\/span>\n\t\t\t\t\t\t\t\t\t\t<span class=\"elementor-icon-list-text\">Ordenanza No 47 de mayo 19 de 2006 por medio de la cual se incorpora el Instituto Tecnol\u00f3gico del Putumayo al Departamento<\/span>\n\t\t\t\t\t\t\t\t\t\t\t<\/a>\n\t\t\t\t\t\t\t\t\t<\/li>\n\t\t\t\t\t\t\t\t<li class=\"elementor-icon-list-item\">\n\t\t\t\t\t\t\t\t\t\t\t<a href=\"https:\/\/www.itp.edu.co\/web2016\/phocadownload\/LeyesDecretosOrdenanzas\/Ordenanza%20Nro.%20614%20de%20Enero%2031%20de%202011%20Modificacion%20Planta%20Docente.pdf\" target=\"_blank\">\n\n\t\t\t\t\t\t\t\t\t\t\t\t<span class=\"elementor-icon-list-icon\">\n\t\t\t\t\t\t\t<i aria-hidden=\"true\" class=\"fas fa-check\"><\/i>\t\t\t\t\t\t<\/span>\n\t\t\t\t\t\t\t\t\t\t<span class=\"elementor-icon-list-text\">Ordenanza 614 de Eenero 31 de 2011 Por la cual se modifica la planta de personal docente del Instituto Tecnol\u00f3gico del Putumayo<\/span>\n\t\t\t\t\t\t\t\t\t\t\t<\/a>\n\t\t\t\t\t\t\t\t\t<\/li>\n\t\t\t\t\t\t\t\t<li class=\"elementor-icon-list-item\">\n\t\t\t\t\t\t\t\t\t\t\t<a href=\"https:\/\/www.itp.edu.co\/web2016\/phocadownload\/LeyesDecretosOrdenanzas\/Decreto%20139%20del%2025%20de%20Junio%20de%202007%20-%20ajusta%20planta%20de%20personal%20y%20administrativo.pdf\" target=\"_blank\">\n\n\t\t\t\t\t\t\t\t\t\t\t\t<span class=\"elementor-icon-list-icon\">\n\t\t\t\t\t\t\t<i aria-hidden=\"true\" class=\"fas fa-check\"><\/i>\t\t\t\t\t\t<\/span>\n\t\t\t\t\t\t\t\t\t\t<span class=\"elementor-icon-list-text\">Decreto n\u00famero 139 del 25 de junio de 2007 por medio del cual se ajusta la planta de personal directivo y administrativo del establecimiento p\u00fablico educativo Instituto Tecnol\u00f3gico del Putumayo al sistema de nomenclatura, calificaci\u00f3n y codificaci\u00f3n de empleos previsto por el decreto 785 de 2005.<\/span>\n\t\t\t\t\t\t\t\t\t\t\t<\/a>\n\t\t\t\t\t\t\t\t\t<\/li>\n\t\t\t\t\t\t\t\t<li class=\"elementor-icon-list-item\">\n\t\t\t\t\t\t\t\t\t\t\t<a href=\"https:\/\/www.itp.edu.co\/web2016\/phocadownload\/LeyesDecretosOrdenanzas\/Acuerdos%20Sintraunicol%202023.PDF\">\n\n\t\t\t\t\t\t\t\t\t\t\t\t<span class=\"elementor-icon-list-icon\">\n\t\t\t\t\t\t\t<i aria-hidden=\"true\" class=\"fas fa-check\"><\/i>\t\t\t\t\t\t<\/span>\n\t\t\t\t\t\t\t\t\t\t<span class=\"elementor-icon-list-text\">Acuerdos Sintraunicol 2023<\/span>\n\t\t\t\t\t\t\t\t\t\t\t<\/a>\n\t\t\t\t\t\t\t\t\t<\/li>\n\t\t\t\t\t\t<\/ul>\n\t\t\t\t\t\t<\/div>\n\t\t\t\t<\/div>\n\t\t\t\t\t<\/div>\n\t\t\t\t<\/div>\n\t\t\t\t<\/div>\n\t\t","protected":false},"excerpt":{"rendered":"<p>Decreto 0615 de Abril 5 de 2002 por el cual se establece la Estructura del Instituto Tecnol\u00f3gico del Putumayo y se dictan otras disposiciones. Decreto 0616 de Abril 5 de 2002 por el cual se establece la planta de personal docente del Instituto Tecnol\u00f3gico del Putumayo Decreto 846 de abril 4 de 2003 por la cual se establece la Planta de Personal Administrativo del Instituto Tecnol\u00f3gico del Putumayo. Decreto 1052 de abril 6 de 2006 \u201cPor el cual se reglamenta el art\u00c3culo 20 de la Ley 790 de 2002.\u201d LEY 65 DE 1989 (diciembre 11) Por la cual se crea el Instituto Tecnol\u00f3gico del Putumayo Ley 790 de 2002 &#8220;Por la cual se expiden disposiciones para adelantar el programa de renovaci\u00c3\u00b3n de la administraci\u00c3\u00b3n p\u00c3\u00bablica y se otorgan unas facultades Extraordinarias al Presidente de la Rep\u00c3\u00bablica&#8221;. Ordenanza No 47 de mayo 19 de 2006 por medio de la cual se incorpora el Instituto Tecnol\u00f3gico del Putumayo al Departamento Ordenanza 614 de Eenero 31 de 2011 Por la cual se modifica la planta de personal docente del Instituto Tecnol\u00f3gico del Putumayo Decreto n\u00famero 139 del 25 de junio de 2007 por medio del cual se ajusta la planta de personal directivo y administrativo del establecimiento p\u00fablico educativo Instituto Tecnol\u00f3gico del Putumayo al sistema de nomenclatura, calificaci\u00f3n y codificaci\u00f3n de empleos previsto por el decreto 785 de 2005. Acuerdos Sintraunicol 2023<\/p>\n","protected":false},"author":1,"featured_media":0,"parent":0,"menu_order":0,"comment_status":"closed","ping_status":"closed","template":"","meta":{"_uag_custom_page_level_css":"","neve_meta_sidebar":"","neve_meta_container":"","neve_meta_enable_content_width":"","neve_meta_content_width":0,"neve_meta_title_alignment":"","neve_meta_author_avatar":"","neve_post_elements_order":"","neve_meta_disable_header":"","neve_meta_disable_footer":"","neve_meta_disable_title":"","footnotes":""},"class_list":["post-10905","page","type-page","status-publish","hentry"],"yoast_head":"<!-- This site is optimized with the Yoast SEO plugin v27.5 - https:\/\/yoast.com\/product\/yoast-seo-wordpress\/ -->\n<title>Leyes, Decretos y Otros - UNIPUTUMAYO<\/title>\n<meta name=\"robots\" content=\"index, follow, max-snippet:-1, max-image-preview:large, max-video-preview:-1\" \/>\n<link rel=\"canonical\" href=\"https:\/\/itp.edu.co\/ITP2022\/?page_id=10905\" \/>\n<meta property=\"og:locale\" content=\"es_ES\" \/>\n<meta property=\"og:type\" content=\"article\" \/>\n<meta property=\"og:title\" content=\"Leyes, Decretos y Otros - UNIPUTUMAYO\" \/>\n<meta property=\"og:description\" content=\"Decreto 0615 de Abril 5 de 2002 por el cual se establece la Estructura del Instituto Tecnol\u00f3gico del Putumayo y se dictan otras disposiciones. Decreto 0616 de Abril 5 de 2002 por el cual se establece la planta de personal docente del Instituto Tecnol\u00f3gico del Putumayo Decreto 846 de abril 4 de 2003 por la cual se establece la Planta de Personal Administrativo del Instituto Tecnol\u00f3gico del Putumayo. Decreto 1052 de abril 6 de 2006 \u201cPor el cual se reglamenta el art\u00c3culo 20 de la Ley 790 de 2002.\u201d LEY 65 DE 1989 (diciembre 11) Por la cual se crea el Instituto Tecnol\u00f3gico del Putumayo Ley 790 de 2002 &#8220;Por la cual se expiden disposiciones para adelantar el programa de renovaci\u00c3\u00b3n de la administraci\u00c3\u00b3n p\u00c3\u00bablica y se otorgan unas facultades Extraordinarias al Presidente de la Rep\u00c3\u00bablica&#8221;. Ordenanza No 47 de mayo 19 de 2006 por medio de la cual se incorpora el Instituto Tecnol\u00f3gico del Putumayo al Departamento Ordenanza 614 de Eenero 31 de 2011 Por la cual se modifica la planta de personal docente del Instituto Tecnol\u00f3gico del Putumayo Decreto n\u00famero 139 del 25 de junio de 2007 por medio del cual se ajusta la planta de personal directivo y administrativo del establecimiento p\u00fablico educativo Instituto Tecnol\u00f3gico del Putumayo al sistema de nomenclatura, calificaci\u00f3n y codificaci\u00f3n de empleos previsto por el decreto 785 de 2005. Acuerdos Sintraunicol 2023\" \/>\n<meta property=\"og:url\" content=\"https:\/\/itp.edu.co\/ITP2022\/?page_id=10905\" \/>\n<meta property=\"og:site_name\" content=\"UNIPUTUMAYO\" \/>\n<meta property=\"article:publisher\" content=\"https:\/\/www.facebook.com\/OficialITP\/?locale=es_LA\" \/>\n<meta property=\"article:modified_time\" content=\"2025-07-31T21:07:34+00:00\" \/>\n<meta property=\"og:image\" content=\"https:\/\/itp.edu.co\/ITP2022\/wp-content\/uploads\/2025\/07\/cropped-Logo-azul-PNG-01-scaled-1.png\" \/>\n<meta name=\"twitter:card\" content=\"summary_large_image\" \/>\n<meta name=\"twitter:site\" content=\"@ITPOficial\" \/>\n<meta name=\"twitter:label1\" content=\"Tiempo de lectura\" \/>\n\t<meta name=\"twitter:data1\" content=\"1 minuto\" \/>\n<script type=\"application\/ld+json\" class=\"yoast-schema-graph\">{\"@context\":\"https:\\\/\\\/schema.org\",\"@graph\":[{\"@type\":\"WebPage\",\"@id\":\"https:\\\/\\\/itp.edu.co\\\/ITP2022\\\/?page_id=10905\",\"url\":\"https:\\\/\\\/itp.edu.co\\\/ITP2022\\\/?page_id=10905\",\"name\":\"Leyes, Decretos y Otros - UNIPUTUMAYO\",\"isPartOf\":{\"@id\":\"https:\\\/\\\/itp.edu.co\\\/ITP2022\\\/#website\"},\"primaryImageOfPage\":{\"@id\":\"https:\\\/\\\/itp.edu.co\\\/ITP2022\\\/?page_id=10905#primaryimage\"},\"image\":{\"@id\":\"https:\\\/\\\/itp.edu.co\\\/ITP2022\\\/?page_id=10905#primaryimage\"},\"thumbnailUrl\":\"https:\\\/\\\/itp.edu.co\\\/ITP2022\\\/wp-content\\\/uploads\\\/2025\\\/07\\\/cropped-Logo-azul-PNG-01-scaled-1.png\",\"datePublished\":\"2024-09-19T16:05:09+00:00\",\"dateModified\":\"2025-07-31T21:07:34+00:00\",\"breadcrumb\":{\"@id\":\"https:\\\/\\\/itp.edu.co\\\/ITP2022\\\/?page_id=10905#breadcrumb\"},\"inLanguage\":\"es-CO\",\"potentialAction\":[{\"@type\":\"ReadAction\",\"target\":[\"https:\\\/\\\/itp.edu.co\\\/ITP2022\\\/?page_id=10905\"]}]},{\"@type\":\"ImageObject\",\"inLanguage\":\"es-CO\",\"@id\":\"https:\\\/\\\/itp.edu.co\\\/ITP2022\\\/?page_id=10905#primaryimage\",\"url\":\"https:\\\/\\\/i0.wp.com\\\/itp.edu.co\\\/ITP2022\\\/wp-content\\\/uploads\\\/2025\\\/07\\\/cropped-Logo-azul-PNG-01-scaled-1.png?fit=200%2C50&ssl=1\",\"contentUrl\":\"https:\\\/\\\/i0.wp.com\\\/itp.edu.co\\\/ITP2022\\\/wp-content\\\/uploads\\\/2025\\\/07\\\/cropped-Logo-azul-PNG-01-scaled-1.png?fit=200%2C50&ssl=1\",\"width\":200,\"height\":50},{\"@type\":\"BreadcrumbList\",\"@id\":\"https:\\\/\\\/itp.edu.co\\\/ITP2022\\\/?page_id=10905#breadcrumb\",\"itemListElement\":[{\"@type\":\"ListItem\",\"position\":1,\"name\":\"Inicio\",\"item\":\"https:\\\/\\\/itp.edu.co\\\/ITP2022\\\/\"},{\"@type\":\"ListItem\",\"position\":2,\"name\":\"Leyes, Decretos y Otros\"}]},{\"@type\":\"WebSite\",\"@id\":\"https:\\\/\\\/itp.edu.co\\\/ITP2022\\\/#website\",\"url\":\"https:\\\/\\\/itp.edu.co\\\/ITP2022\\\/\",\"name\":\"UNIPUTUMAYO\",\"description\":\"\",\"publisher\":{\"@id\":\"https:\\\/\\\/itp.edu.co\\\/ITP2022\\\/#organization\"},\"potentialAction\":[{\"@type\":\"SearchAction\",\"target\":{\"@type\":\"EntryPoint\",\"urlTemplate\":\"https:\\\/\\\/itp.edu.co\\\/ITP2022\\\/?s={search_term_string}\"},\"query-input\":{\"@type\":\"PropertyValueSpecification\",\"valueRequired\":true,\"valueName\":\"search_term_string\"}}],\"inLanguage\":\"es-CO\"},{\"@type\":\"Organization\",\"@id\":\"https:\\\/\\\/itp.edu.co\\\/ITP2022\\\/#organization\",\"name\":\"UNIPUTUMAYO\",\"url\":\"https:\\\/\\\/itp.edu.co\\\/ITP2022\\\/\",\"logo\":{\"@type\":\"ImageObject\",\"inLanguage\":\"es-CO\",\"@id\":\"https:\\\/\\\/itp.edu.co\\\/ITP2022\\\/#\\\/schema\\\/logo\\\/image\\\/\",\"url\":\"https:\\\/\\\/i0.wp.com\\\/itp.edu.co\\\/ITP2022\\\/wp-content\\\/uploads\\\/2025\\\/11\\\/Logo-azul-PNG-01-scaled.webp?fit=1920%2C620&ssl=1\",\"contentUrl\":\"https:\\\/\\\/i0.wp.com\\\/itp.edu.co\\\/ITP2022\\\/wp-content\\\/uploads\\\/2025\\\/11\\\/Logo-azul-PNG-01-scaled.webp?fit=1920%2C620&ssl=1\",\"width\":1920,\"height\":620,\"caption\":\"UNIPUTUMAYO\"},\"image\":{\"@id\":\"https:\\\/\\\/itp.edu.co\\\/ITP2022\\\/#\\\/schema\\\/logo\\\/image\\\/\"},\"sameAs\":[\"https:\\\/\\\/www.facebook.com\\\/OficialITP\\\/?locale=es_LA\",\"https:\\\/\\\/x.com\\\/ITPOficial\"]}]}<\/script>\n<!-- \/ Yoast SEO plugin. -->","yoast_head_json":{"title":"Leyes, Decretos y Otros - UNIPUTUMAYO","robots":{"index":"index","follow":"follow","max-snippet":"max-snippet:-1","max-image-preview":"max-image-preview:large","max-video-preview":"max-video-preview:-1"},"canonical":"https:\/\/itp.edu.co\/ITP2022\/?page_id=10905","og_locale":"es_ES","og_type":"article","og_title":"Leyes, Decretos y Otros - UNIPUTUMAYO","og_description":"Decreto 0615 de Abril 5 de 2002 por el cual se establece la Estructura del Instituto Tecnol\u00f3gico del Putumayo y se dictan otras disposiciones. Decreto 0616 de Abril 5 de 2002 por el cual se establece la planta de personal docente del Instituto Tecnol\u00f3gico del Putumayo Decreto 846 de abril 4 de 2003 por la cual se establece la Planta de Personal Administrativo del Instituto Tecnol\u00f3gico del Putumayo. Decreto 1052 de abril 6 de 2006 \u201cPor el cual se reglamenta el art\u00c3culo 20 de la Ley 790 de 2002.\u201d LEY 65 DE 1989 (diciembre 11) Por la cual se crea el Instituto Tecnol\u00f3gico del Putumayo Ley 790 de 2002 &#8220;Por la cual se expiden disposiciones para adelantar el programa de renovaci\u00c3\u00b3n de la administraci\u00c3\u00b3n p\u00c3\u00bablica y se otorgan unas facultades Extraordinarias al Presidente de la Rep\u00c3\u00bablica&#8221;. Ordenanza No 47 de mayo 19 de 2006 por medio de la cual se incorpora el Instituto Tecnol\u00f3gico del Putumayo al Departamento Ordenanza 614 de Eenero 31 de 2011 Por la cual se modifica la planta de personal docente del Instituto Tecnol\u00f3gico del Putumayo Decreto n\u00famero 139 del 25 de junio de 2007 por medio del cual se ajusta la planta de personal directivo y administrativo del establecimiento p\u00fablico educativo Instituto Tecnol\u00f3gico del Putumayo al sistema de nomenclatura, calificaci\u00f3n y codificaci\u00f3n de empleos previsto por el decreto 785 de 2005. Acuerdos Sintraunicol 2023","og_url":"https:\/\/itp.edu.co\/ITP2022\/?page_id=10905","og_site_name":"UNIPUTUMAYO","article_publisher":"https:\/\/www.facebook.com\/OficialITP\/?locale=es_LA","article_modified_time":"2025-07-31T21:07:34+00:00","og_image":[{"url":"https:\/\/itp.edu.co\/ITP2022\/wp-content\/uploads\/2025\/07\/cropped-Logo-azul-PNG-01-scaled-1.png","type":"","width":"","height":""}],"twitter_card":"summary_large_image","twitter_site":"@ITPOficial","twitter_misc":{"Tiempo de lectura":"1 minuto"},"schema":{"@context":"https:\/\/schema.org","@graph":[{"@type":"WebPage","@id":"https:\/\/itp.edu.co\/ITP2022\/?page_id=10905","url":"https:\/\/itp.edu.co\/ITP2022\/?page_id=10905","name":"Leyes, Decretos y Otros - UNIPUTUMAYO","isPartOf":{"@id":"https:\/\/itp.edu.co\/ITP2022\/#website"},"primaryImageOfPage":{"@id":"https:\/\/itp.edu.co\/ITP2022\/?page_id=10905#primaryimage"},"image":{"@id":"https:\/\/itp.edu.co\/ITP2022\/?page_id=10905#primaryimage"},"thumbnailUrl":"https:\/\/itp.edu.co\/ITP2022\/wp-content\/uploads\/2025\/07\/cropped-Logo-azul-PNG-01-scaled-1.png","datePublished":"2024-09-19T16:05:09+00:00","dateModified":"2025-07-31T21:07:34+00:00","breadcrumb":{"@id":"https:\/\/itp.edu.co\/ITP2022\/?page_id=10905#breadcrumb"},"inLanguage":"es-CO","potentialAction":[{"@type":"ReadAction","target":["https:\/\/itp.edu.co\/ITP2022\/?page_id=10905"]}]},{"@type":"ImageObject","inLanguage":"es-CO","@id":"https:\/\/itp.edu.co\/ITP2022\/?page_id=10905#primaryimage","url":"https:\/\/i0.wp.com\/itp.edu.co\/ITP2022\/wp-content\/uploads\/2025\/07\/cropped-Logo-azul-PNG-01-scaled-1.png?fit=200%2C50&ssl=1","contentUrl":"https:\/\/i0.wp.com\/itp.edu.co\/ITP2022\/wp-content\/uploads\/2025\/07\/cropped-Logo-azul-PNG-01-scaled-1.png?fit=200%2C50&ssl=1","width":200,"height":50},{"@type":"BreadcrumbList","@id":"https:\/\/itp.edu.co\/ITP2022\/?page_id=10905#breadcrumb","itemListElement":[{"@type":"ListItem","position":1,"name":"Inicio","item":"https:\/\/itp.edu.co\/ITP2022\/"},{"@type":"ListItem","position":2,"name":"Leyes, Decretos y Otros"}]},{"@type":"WebSite","@id":"https:\/\/itp.edu.co\/ITP2022\/#website","url":"https:\/\/itp.edu.co\/ITP2022\/","name":"UNIPUTUMAYO","description":"","publisher":{"@id":"https:\/\/itp.edu.co\/ITP2022\/#organization"},"potentialAction":[{"@type":"SearchAction","target":{"@type":"EntryPoint","urlTemplate":"https:\/\/itp.edu.co\/ITP2022\/?s={search_term_string}"},"query-input":{"@type":"PropertyValueSpecification","valueRequired":true,"valueName":"search_term_string"}}],"inLanguage":"es-CO"},{"@type":"Organization","@id":"https:\/\/itp.edu.co\/ITP2022\/#organization","name":"UNIPUTUMAYO","url":"https:\/\/itp.edu.co\/ITP2022\/","logo":{"@type":"ImageObject","inLanguage":"es-CO","@id":"https:\/\/itp.edu.co\/ITP2022\/#\/schema\/logo\/image\/","url":"https:\/\/i0.wp.com\/itp.edu.co\/ITP2022\/wp-content\/uploads\/2025\/11\/Logo-azul-PNG-01-scaled.webp?fit=1920%2C620&ssl=1","contentUrl":"https:\/\/i0.wp.com\/itp.edu.co\/ITP2022\/wp-content\/uploads\/2025\/11\/Logo-azul-PNG-01-scaled.webp?fit=1920%2C620&ssl=1","width":1920,"height":620,"caption":"UNIPUTUMAYO"},"image":{"@id":"https:\/\/itp.edu.co\/ITP2022\/#\/schema\/logo\/image\/"},"sameAs":["https:\/\/www.facebook.com\/OficialITP\/?locale=es_LA","https:\/\/x.com\/ITPOficial"]}]}},"uagb_featured_image_src":{"full":false,"thumbnail":false,"medium":false,"medium_large":false,"large":false,"1536x1536":false,"2048x2048":false,"smart-post-landscape":false,"smart-post-portrait":false,"neve-blog":false,"psacp-medium":false},"uagb_author_info":{"display_name":"administrador","author_link":"https:\/\/itp.edu.co\/ITP2022\/author\/administrador"},"uagb_comment_info":0,"uagb_excerpt":"Decreto 0615 de Abril 5 de 2002 por el cual se establece la Estructura del Instituto Tecnol\u00f3gico del Putumayo y se dictan otras disposiciones. Decreto 0616 de Abril 5 de 2002 por el cual se establece la planta de personal docente del Instituto Tecnol\u00f3gico del Putumayo Decreto 846 de abril 4 de 2003 por la&hellip;","jetpack-related-posts":[],"jetpack_sharing_enabled":true,"rttpg_featured_image_url":null,"rttpg_author":{"display_name":"administrador","author_link":"https:\/\/itp.edu.co\/ITP2022\/author\/administrador"},"rttpg_comment":0,"rttpg_category":null,"rttpg_excerpt":"Decreto 0615 de Abril 5 de 2002 por el cual se establece la Estructura del Instituto Tecnol\u00f3gico del Putumayo y se dictan otras disposiciones. Decreto 0616 de Abril 5 de 2002 por el cual se establece la planta de personal docente del Instituto Tecnol\u00f3gico del Putumayo Decreto 846 de abril 4 de 2003 por la&hellip;","_links":{"self":[{"href":"https:\/\/itp.edu.co\/ITP2022\/index.php?rest_route=\/wp\/v2\/pages\/10905","targetHints":{"allow":["GET"]}}],"collection":[{"href":"https:\/\/itp.edu.co\/ITP2022\/index.php?rest_route=\/wp\/v2\/pages"}],"about":[{"href":"https:\/\/itp.edu.co\/ITP2022\/index.php?rest_route=\/wp\/v2\/types\/page"}],"author":[{"embeddable":true,"href":"https:\/\/itp.edu.co\/ITP2022\/index.php?rest_route=\/wp\/v2\/users\/1"}],"replies":[{"embeddable":true,"href":"https:\/\/itp.edu.co\/ITP2022\/index.php?rest_route=%2Fwp%2Fv2%2Fcomments&post=10905"}],"version-history":[{"count":13,"href":"https:\/\/itp.edu.co\/ITP2022\/index.php?rest_route=\/wp\/v2\/pages\/10905\/revisions"}],"predecessor-version":[{"id":14441,"href":"https:\/\/itp.edu.co\/ITP2022\/index.php?rest_route=\/wp\/v2\/pages\/10905\/revisions\/14441"}],"wp:attachment":[{"href":"https:\/\/itp.edu.co\/ITP2022\/index.php?rest_route=%2Fwp%2Fv2%2Fmedia&parent=10905"}],"curies":[{"name":"wp","href":"https:\/\/api.w.org\/{rel}","templated":true}]}}